{"id":258,"date":"2025-11-07T17:36:48","date_gmt":"2025-11-07T17:36:48","guid":{"rendered":"https:\/\/gitaraksesuar.com\/?page_id=258"},"modified":"2025-11-07T17:36:51","modified_gmt":"2025-11-07T17:36:51","slug":"kullanici-sozlesmesi","status":"publish","type":"page","link":"https:\/\/gitaraksesuar.com\/?page_id=258","title":{"rendered":"KULLANICI S\u00d6ZLE\u015eMES\u0130"},"content":{"rendered":"\n<p><strong>Racsen M\u00fczik \u2013 Sercan \u015eay<\/strong><br><strong>gitaraksesuar.com<\/strong><\/p>\n\n\n\n<hr class=\"wp-block-separator has-alpha-channel-opacity\"\/>\n\n\n\n<h2 class=\"wp-block-heading\">\ud83d\udccc <strong>KULLANICI S\u00d6ZLE\u015eMES\u0130<\/strong><\/h2>\n\n\n\n<p>\u0130\u015fbu Kullan\u0131c\u0131 S\u00f6zle\u015fmesi (\u201cS\u00f6zle\u015fme\u201d), <strong>gitaraksesuar.com<\/strong> internet sitesini ziyaret eden veya site \u00fczerinden al\u0131\u015fveri\u015f yapan t\u00fcm kullan\u0131c\u0131lar (\u201cKullan\u0131c\u0131\u201d) ile;<\/p>\n\n\n\n<p><strong>Racsen M\u00fczik \u2013 Sercan \u015eay<\/strong><br><strong>Adres:<\/strong> Feyzullah Mah. Lider Sk. No:3\/B Maltepe \/ \u0130stanbul<br><strong>E-posta:<\/strong> <a>racsen@gitaraksesuar.com<\/a><\/p>\n\n\n\n<p>aras\u0131nda akdedilmi\u015ftir.<\/p>\n\n\n\n<p>Siteyi kullanmakla bu s\u00f6zle\u015fmeyi okudu\u011funuzu, anlad\u0131\u011f\u0131n\u0131z\u0131 ve t\u00fcm h\u00fck\u00fcmleri kabul etti\u011finizi beyan etmi\u015f olursunuz.<\/p>\n\n\n\n<hr class=\"wp-block-separator has-alpha-channel-opacity\"\/>\n\n\n\n<h2 class=\"wp-block-heading\">\u2705 1. <strong>Taraflar\u0131n Hak ve Y\u00fck\u00fcml\u00fcl\u00fckleri<\/strong><\/h2>\n\n\n\n<h3 class=\"wp-block-heading\">1.1<\/h3>\n\n\n\n<p>Kullan\u0131c\u0131, siteyi yaln\u0131zca hukuka uygun ama\u00e7larla kullanabilir. Her t\u00fcrl\u00fc yasa d\u0131\u015f\u0131 kullan\u0131m yasakt\u0131r.<\/p>\n\n\n\n<h3 class=\"wp-block-heading\">1.2<\/h3>\n\n\n\n<p>Kullan\u0131c\u0131, siteye \u00fcye olurken verdi\u011fi bilgilerin do\u011fru oldu\u011funu kabul eder. Bu bilgilerin yanl\u0131\u015f olmas\u0131 durumunda do\u011facak t\u00fcm sorumluluk kullan\u0131c\u0131ya aittir.<\/p>\n\n\n\n<h3 class=\"wp-block-heading\">1.3<\/h3>\n\n\n\n<p>Racsen M\u00fczik \u2013 Sercan \u015eay, diledi\u011fi zaman sitede de\u011fi\u015fiklik yapma, hizmeti durdurma veya fiyat g\u00fcncelleme hakk\u0131n\u0131 sakl\u0131 tutar.<\/p>\n\n\n\n<h3 class=\"wp-block-heading\">1.4<\/h3>\n\n\n\n<p>Kullan\u0131c\u0131 kendi kullan\u0131c\u0131 ad\u0131 ve \u015fifresinin g\u00fcvenli\u011fini sa\u011flamakla y\u00fck\u00fcml\u00fcd\u00fcr. \u00dc\u00e7\u00fcnc\u00fc ki\u015filerin eri\u015fmesinden do\u011facak zararlardan firma sorumlu de\u011fildir.<\/p>\n\n\n\n<hr class=\"wp-block-separator has-alpha-channel-opacity\"\/>\n\n\n\n<h2 class=\"wp-block-heading\">\u2705 2. <strong>Ki\u015fisel Verilerin Korunmas\u0131<\/strong><\/h2>\n\n\n\n<p>Kullan\u0131c\u0131lardan al\u0131nan bilgiler, <strong>Gizlilik Politikas\u0131<\/strong> \u00e7er\u00e7evesinde saklanmakta olup \u00fc\u00e7\u00fcnc\u00fc ki\u015filerle payla\u015f\u0131lmamaktad\u0131r.<br>Detaylar i\u00e7in \u201cGizlilik Politikas\u0131\u201d sayfas\u0131na g\u00f6z atabilirsiniz.<\/p>\n\n\n\n<hr class=\"wp-block-separator has-alpha-channel-opacity\"\/>\n\n\n\n<h2 class=\"wp-block-heading\">\u2705 3. <strong>Sipari\u015f ve \u00d6deme \u0130\u015flemleri<\/strong><\/h2>\n\n\n\n<h3 class=\"wp-block-heading\">3.1<\/h3>\n\n\n\n<p>Siteden verilen sipari\u015fler, stok durumuna ve \u00f6deme onay\u0131na tabidir.<\/p>\n\n\n\n<h3 class=\"wp-block-heading\">3.2<\/h3>\n\n\n\n<p>\u00d6demeler PayTR, banka havalesi, kredi kart\u0131 veya sitede sunulan \u00f6deme y\u00f6ntemleri ile yap\u0131l\u0131r.<\/p>\n\n\n\n<h3 class=\"wp-block-heading\">3.3<\/h3>\n\n\n\n<p>\u00d6deme s\u0131ras\u0131nda girilen kart bilgileri firmam\u0131z taraf\u0131ndan <strong>kesinlikle saklanmaz<\/strong>, bankaya 256 bit SSL ile \u015fifrelenerek iletilir.<\/p>\n\n\n\n<hr class=\"wp-block-separator has-alpha-channel-opacity\"\/>\n\n\n\n<h2 class=\"wp-block-heading\">\u2705 4. <strong>Teslimat ve Kargo<\/strong><\/h2>\n\n\n\n<h3 class=\"wp-block-heading\">4.1<\/h3>\n\n\n\n<p>Sipari\u015fler genellikle ayn\u0131 g\u00fcn veya 1\u20133 i\u015f g\u00fcn\u00fc i\u00e7inde kargoya verilir.<\/p>\n\n\n\n<h3 class=\"wp-block-heading\">4.2<\/h3>\n\n\n\n<p>Kargo s\u00fcreleri ilgili kargo firmas\u0131na g\u00f6re de\u011fi\u015febilir. Gecikmelerden kargo firmalar\u0131 sorumludur.<\/p>\n\n\n\n<h3 class=\"wp-block-heading\">4.3<\/h3>\n\n\n\n<p>Kullan\u0131c\u0131 teslimat adresini do\u011fru ve eksiksiz girmekle y\u00fck\u00fcml\u00fcd\u00fcr.<\/p>\n\n\n\n<hr class=\"wp-block-separator has-alpha-channel-opacity\"\/>\n\n\n\n<h2 class=\"wp-block-heading\">\u2705 5. <strong>\u0130ade ve De\u011fi\u015fim Ko\u015fullar\u0131<\/strong><\/h2>\n\n\n\n<p>\u0130ade ve de\u011fi\u015fimler, ilgili mevzuat gere\u011fi <strong>Mesafeli Sat\u0131\u015f S\u00f6zle\u015fmesi<\/strong> ve <strong>\u0130ade &amp; De\u011fi\u015fim Politikas\u0131<\/strong> kapsam\u0131nda yap\u0131l\u0131r.<\/p>\n\n\n\n<hr class=\"wp-block-separator has-alpha-channel-opacity\"\/>\n\n\n\n<h2 class=\"wp-block-heading\">\u2705 6. <strong>Fikri M\u00fclkiyet Haklar\u0131<\/strong><\/h2>\n\n\n\n<p>Sitede bulunan t\u00fcm yaz\u0131lar, logolar, foto\u011fraflar, videolar, grafikler ve i\u00e7erikler <strong>Racsen M\u00fczik \u2013 Sercan \u015eay\u2019a aittir<\/strong>.<br>\u0130zinsiz kopyalanmas\u0131, payla\u015f\u0131lmas\u0131 veya kullan\u0131lmas\u0131 yasakt\u0131r.<\/p>\n\n\n\n<hr class=\"wp-block-separator has-alpha-channel-opacity\"\/>\n\n\n\n<h2 class=\"wp-block-heading\">\u2705 7. <strong>Sorumlulu\u011fun S\u0131n\u0131rland\u0131r\u0131lmas\u0131<\/strong><\/h2>\n\n\n\n<p>Racsen M\u00fczik \u2013 Sercan \u015eay, internet alt yap\u0131s\u0131 veya \u00fc\u00e7\u00fcnc\u00fc taraf hizmet sa\u011flay\u0131c\u0131lar\u0131ndan kaynaklanan teknik hatalardan sorumlu de\u011fildir.<\/p>\n\n\n\n<p>Kullan\u0131c\u0131n\u0131n siteyi kullan\u0131m\u0131ndan do\u011fabilecek dolayl\u0131 zararlardan firma sorumluluk kabul etmez.<\/p>\n\n\n\n<hr class=\"wp-block-separator has-alpha-channel-opacity\"\/>\n\n\n\n<h2 class=\"wp-block-heading\">\u2705 8. <strong>S\u00f6zle\u015fme De\u011fi\u015fiklikleri<\/strong><\/h2>\n\n\n\n<p>Firma, bu s\u00f6zle\u015fmede diledi\u011fi zaman de\u011fi\u015fiklik yapabilir.<br>De\u011fi\u015fiklikler sitede yay\u0131nland\u0131\u011f\u0131 an y\u00fcr\u00fcrl\u00fc\u011fe girer.<\/p>\n\n\n\n<hr class=\"wp-block-separator has-alpha-channel-opacity\"\/>\n\n\n\n<h2 class=\"wp-block-heading\">\u2705 9. <strong>Yetkili Mahkeme<\/strong><\/h2>\n\n\n\n<p>\u0130\u015fbu s\u00f6zle\u015fme T\u00fcrkiye Cumhuriyeti kanunlar\u0131na tabi olup taraflar aras\u0131nda do\u011fabilecek uyu\u015fmazl\u0131klarda <strong>\u0130stanbul\/Anadolu Adliyesi Mahkemeleri ve \u0130cra Daireleri<\/strong> yetkilidir.<\/p>\n\n\n\n<hr class=\"wp-block-separator has-alpha-channel-opacity\"\/>\n\n\n\n<h2 class=\"wp-block-heading\">\u2705 10. <strong>\u0130leti\u015fim Bilgileri<\/strong><\/h2>\n\n\n\n<p><strong>Firma \u00dcnvan\u0131:<\/strong> Racsen M\u00fczik \u2013 Sercan \u015eay<br><strong>Adres:<\/strong> Feyzullah Mah. Lider Sk. No:3\/B Maltepe \/ \u0130stanbul<br><strong>E-posta:<\/strong> <a>racsen@gitaraksesuar.com<\/a><\/p>\n","protected":false},"excerpt":{"rendered":"<p>Racsen M\u00fczik \u2013 Sercan \u015eaygitaraksesuar.com \ud83d\udccc KULLANICI S\u00d6ZLE\u015eMES\u0130 \u0130\u015fbu Kullan\u0131c\u0131 S\u00f6zle\u015fmesi (\u201cS\u00f6zle\u015fme\u201d), gitaraksesuar.com internet sitesini ziyaret eden veya site \u00fczerinden al\u0131\u015fveri\u015f yapan t\u00fcm kullan\u0131c\u0131lar (\u201cKullan\u0131c\u0131\u201d) ile; Racsen M\u00fczik \u2013 Sercan \u015eayAdres: Feyzullah Mah. Lider Sk. No:3\/B Maltepe \/ \u0130stanbulE-posta: racsen@gitaraksesuar.com aras\u0131nda akdedilmi\u015ftir. Siteyi kullanmakla bu s\u00f6zle\u015fmeyi okudu\u011funuzu, anlad\u0131\u011f\u0131n\u0131z\u0131 ve t\u00fcm h\u00fck\u00fcmleri kabul etti\u011finizi beyan etmi\u015f [&hellip;]<\/p>\n","protected":false},"author":1,"featured_media":0,"parent":0,"menu_order":0,"comment_status":"closed","ping_status":"closed","template":"","meta":{"_acf_changed":false,"_uag_custom_page_level_css":"","footnotes":""},"class_list":["post-258","page","type-page","status-publish","hentry"],"acf":[],"yoast_head":"<!-- This site is optimized with the Yoast SEO plugin v27.5 - https:\/\/yoast.com\/product\/yoast-seo-wordpress\/ -->\n<title>KULLANICI S\u00d6ZLE\u015eMES\u0130 - Gitar Aksesuar &ndash; Gitar ve Bas Ekipmanlar\u0131<\/title>\n<meta name=\"robots\" content=\"index, follow, max-snippet:-1, max-image-preview:large, max-video-preview:-1\" \/>\n<link rel=\"canonical\" href=\"https:\/\/gitaraksesuar.com\/?page_id=258\" \/>\n<meta property=\"og:locale\" content=\"tr_TR\" \/>\n<meta property=\"og:type\" content=\"article\" \/>\n<meta property=\"og:title\" content=\"KULLANICI S\u00d6ZLE\u015eMES\u0130 - Gitar Aksesuar &ndash; Gitar ve Bas Ekipmanlar\u0131\" \/>\n<meta property=\"og:description\" content=\"Racsen M\u00fczik \u2013 Sercan \u015eaygitaraksesuar.com \ud83d\udccc KULLANICI S\u00d6ZLE\u015eMES\u0130 \u0130\u015fbu Kullan\u0131c\u0131 S\u00f6zle\u015fmesi (\u201cS\u00f6zle\u015fme\u201d), gitaraksesuar.com internet sitesini ziyaret eden veya site \u00fczerinden al\u0131\u015fveri\u015f yapan t\u00fcm kullan\u0131c\u0131lar (\u201cKullan\u0131c\u0131\u201d) ile; Racsen M\u00fczik \u2013 Sercan \u015eayAdres: Feyzullah Mah. Lider Sk. No:3\/B Maltepe \/ \u0130stanbulE-posta: racsen@gitaraksesuar.com aras\u0131nda akdedilmi\u015ftir. Siteyi kullanmakla bu s\u00f6zle\u015fmeyi okudu\u011funuzu, anlad\u0131\u011f\u0131n\u0131z\u0131 ve t\u00fcm h\u00fck\u00fcmleri kabul etti\u011finizi beyan etmi\u015f [&hellip;]\" \/>\n<meta property=\"og:url\" content=\"https:\/\/gitaraksesuar.com\/?page_id=258\" \/>\n<meta property=\"og:site_name\" content=\"Gitar Aksesuar &ndash; Gitar ve Bas Ekipmanlar\u0131\" \/>\n<meta property=\"article:modified_time\" content=\"2025-11-07T17:36:51+00:00\" \/>\n<meta name=\"twitter:card\" content=\"summary_large_image\" \/>\n<meta name=\"twitter:label1\" content=\"Tahmini okuma s\u00fcresi\" \/>\n\t<meta name=\"twitter:data1\" content=\"3 dakika\" \/>\n<script type=\"application\/ld+json\" class=\"yoast-schema-graph\">{\"@context\":\"https:\\\/\\\/schema.org\",\"@graph\":[{\"@type\":\"WebPage\",\"@id\":\"https:\\\/\\\/gitaraksesuar.com\\\/?page_id=258\",\"url\":\"https:\\\/\\\/gitaraksesuar.com\\\/?page_id=258\",\"name\":\"KULLANICI S\u00d6ZLE\u015eMES\u0130 - Gitar Aksesuar &ndash; Gitar ve Bas Ekipmanlar\u0131\",\"isPartOf\":{\"@id\":\"http:\\\/\\\/gitaraksesuar.com\\\/#website\"},\"datePublished\":\"2025-11-07T17:36:48+00:00\",\"dateModified\":\"2025-11-07T17:36:51+00:00\",\"breadcrumb\":{\"@id\":\"https:\\\/\\\/gitaraksesuar.com\\\/?page_id=258#breadcrumb\"},\"inLanguage\":\"tr\",\"potentialAction\":[{\"@type\":\"ReadAction\",\"target\":[\"https:\\\/\\\/gitaraksesuar.com\\\/?page_id=258\"]}]},{\"@type\":\"BreadcrumbList\",\"@id\":\"https:\\\/\\\/gitaraksesuar.com\\\/?page_id=258#breadcrumb\",\"itemListElement\":[{\"@type\":\"ListItem\",\"position\":1,\"name\":\"Anasayfa\",\"item\":\"http:\\\/\\\/gitaraksesuar.com\\\/\"},{\"@type\":\"ListItem\",\"position\":2,\"name\":\"KULLANICI S\u00d6ZLE\u015eMES\u0130\"}]},{\"@type\":\"WebSite\",\"@id\":\"http:\\\/\\\/gitaraksesuar.com\\\/#website\",\"url\":\"http:\\\/\\\/gitaraksesuar.com\\\/\",\"name\":\"Gitar Aksesuar &ndash; Gitar ve Bas Ekipmanlar\u0131\",\"description\":\"Gitar ve bas d&uuml;nyas\u0131n\u0131n g&uuml;venilir al\u0131\u015fveri\u015f noktas\u0131.\",\"publisher\":{\"@id\":\"http:\\\/\\\/gitaraksesuar.com\\\/#organization\"},\"potentialAction\":[{\"@type\":\"SearchAction\",\"target\":{\"@type\":\"EntryPoint\",\"urlTemplate\":\"http:\\\/\\\/gitaraksesuar.com\\\/?s={search_term_string}\"},\"query-input\":{\"@type\":\"PropertyValueSpecification\",\"valueRequired\":true,\"valueName\":\"search_term_string\"}}],\"inLanguage\":\"tr\"},{\"@type\":\"Organization\",\"@id\":\"http:\\\/\\\/gitaraksesuar.com\\\/#organization\",\"name\":\"Gitar Aksesuar &ndash; Gitar ve Bas Ekipmanlar\u0131\",\"url\":\"http:\\\/\\\/gitaraksesuar.com\\\/\",\"logo\":{\"@type\":\"ImageObject\",\"inLanguage\":\"tr\",\"@id\":\"http:\\\/\\\/gitaraksesuar.com\\\/#\\\/schema\\\/logo\\\/image\\\/\",\"url\":\"https:\\\/\\\/gitaraksesuar.com\\\/wp-content\\\/uploads\\\/2025\\\/10\\\/cropped-Gitar-Aksesuar-Logo.png\",\"contentUrl\":\"https:\\\/\\\/gitaraksesuar.com\\\/wp-content\\\/uploads\\\/2025\\\/10\\\/cropped-Gitar-Aksesuar-Logo.png\",\"width\":1036,\"height\":243,\"caption\":\"Gitar Aksesuar &ndash; Gitar ve Bas Ekipmanlar\u0131\"},\"image\":{\"@id\":\"http:\\\/\\\/gitaraksesuar.com\\\/#\\\/schema\\\/logo\\\/image\\\/\"}}]}<\/script>\n<!-- \/ Yoast SEO plugin. -->","yoast_head_json":{"title":"KULLANICI S\u00d6ZLE\u015eMES\u0130 - Gitar Aksesuar &ndash; Gitar ve Bas Ekipmanlar\u0131","robots":{"index":"index","follow":"follow","max-snippet":"max-snippet:-1","max-image-preview":"max-image-preview:large","max-video-preview":"max-video-preview:-1"},"canonical":"https:\/\/gitaraksesuar.com\/?page_id=258","og_locale":"tr_TR","og_type":"article","og_title":"KULLANICI S\u00d6ZLE\u015eMES\u0130 - Gitar Aksesuar &ndash; Gitar ve Bas Ekipmanlar\u0131","og_description":"Racsen M\u00fczik \u2013 Sercan \u015eaygitaraksesuar.com \ud83d\udccc KULLANICI S\u00d6ZLE\u015eMES\u0130 \u0130\u015fbu Kullan\u0131c\u0131 S\u00f6zle\u015fmesi (\u201cS\u00f6zle\u015fme\u201d), gitaraksesuar.com internet sitesini ziyaret eden veya site \u00fczerinden al\u0131\u015fveri\u015f yapan t\u00fcm kullan\u0131c\u0131lar (\u201cKullan\u0131c\u0131\u201d) ile; Racsen M\u00fczik \u2013 Sercan \u015eayAdres: Feyzullah Mah. Lider Sk. No:3\/B Maltepe \/ \u0130stanbulE-posta: racsen@gitaraksesuar.com aras\u0131nda akdedilmi\u015ftir. Siteyi kullanmakla bu s\u00f6zle\u015fmeyi okudu\u011funuzu, anlad\u0131\u011f\u0131n\u0131z\u0131 ve t\u00fcm h\u00fck\u00fcmleri kabul etti\u011finizi beyan etmi\u015f [&hellip;]","og_url":"https:\/\/gitaraksesuar.com\/?page_id=258","og_site_name":"Gitar Aksesuar &ndash; Gitar ve Bas Ekipmanlar\u0131","article_modified_time":"2025-11-07T17:36:51+00:00","twitter_card":"summary_large_image","twitter_misc":{"Tahmini okuma s\u00fcresi":"3 dakika"},"schema":{"@context":"https:\/\/schema.org","@graph":[{"@type":"WebPage","@id":"https:\/\/gitaraksesuar.com\/?page_id=258","url":"https:\/\/gitaraksesuar.com\/?page_id=258","name":"KULLANICI S\u00d6ZLE\u015eMES\u0130 - Gitar Aksesuar &ndash; Gitar ve Bas Ekipmanlar\u0131","isPartOf":{"@id":"http:\/\/gitaraksesuar.com\/#website"},"datePublished":"2025-11-07T17:36:48+00:00","dateModified":"2025-11-07T17:36:51+00:00","breadcrumb":{"@id":"https:\/\/gitaraksesuar.com\/?page_id=258#breadcrumb"},"inLanguage":"tr","potentialAction":[{"@type":"ReadAction","target":["https:\/\/gitaraksesuar.com\/?page_id=258"]}]},{"@type":"BreadcrumbList","@id":"https:\/\/gitaraksesuar.com\/?page_id=258#breadcrumb","itemListElement":[{"@type":"ListItem","position":1,"name":"Anasayfa","item":"http:\/\/gitaraksesuar.com\/"},{"@type":"ListItem","position":2,"name":"KULLANICI S\u00d6ZLE\u015eMES\u0130"}]},{"@type":"WebSite","@id":"http:\/\/gitaraksesuar.com\/#website","url":"http:\/\/gitaraksesuar.com\/","name":"Gitar Aksesuar &ndash; Gitar ve Bas Ekipmanlar\u0131","description":"Gitar ve bas d&uuml;nyas\u0131n\u0131n g&uuml;venilir al\u0131\u015fveri\u015f noktas\u0131.","publisher":{"@id":"http:\/\/gitaraksesuar.com\/#organization"},"potentialAction":[{"@type":"SearchAction","target":{"@type":"EntryPoint","urlTemplate":"http:\/\/gitaraksesuar.com\/?s={search_term_string}"},"query-input":{"@type":"PropertyValueSpecification","valueRequired":true,"valueName":"search_term_string"}}],"inLanguage":"tr"},{"@type":"Organization","@id":"http:\/\/gitaraksesuar.com\/#organization","name":"Gitar Aksesuar &ndash; Gitar ve Bas Ekipmanlar\u0131","url":"http:\/\/gitaraksesuar.com\/","logo":{"@type":"ImageObject","inLanguage":"tr","@id":"http:\/\/gitaraksesuar.com\/#\/schema\/logo\/image\/","url":"https:\/\/gitaraksesuar.com\/wp-content\/uploads\/2025\/10\/cropped-Gitar-Aksesuar-Logo.png","contentUrl":"https:\/\/gitaraksesuar.com\/wp-content\/uploads\/2025\/10\/cropped-Gitar-Aksesuar-Logo.png","width":1036,"height":243,"caption":"Gitar Aksesuar &ndash; Gitar ve Bas Ekipmanlar\u0131"},"image":{"@id":"http:\/\/gitaraksesuar.com\/#\/schema\/logo\/image\/"}}]}},"uagb_featured_image_src":{"full":false,"thumbnail":false,"medium":false,"medium_large":false,"large":false,"1536x1536":false,"2048x2048":false,"woocommerce_thumbnail":false,"woocommerce_single":false,"woocommerce_gallery_thumbnail":false},"uagb_author_info":{"display_name":"admin","author_link":"https:\/\/gitaraksesuar.com\/?author=1"},"uagb_comment_info":0,"uagb_excerpt":"Racsen M\u00fczik \u2013 Sercan \u015eaygitaraksesuar.com \ud83d\udccc KULLANICI S\u00d6ZLE\u015eMES\u0130 \u0130\u015fbu Kullan\u0131c\u0131 S\u00f6zle\u015fmesi (\u201cS\u00f6zle\u015fme\u201d), gitaraksesuar.com internet sitesini ziyaret eden veya site \u00fczerinden al\u0131\u015fveri\u015f yapan t\u00fcm kullan\u0131c\u0131lar (\u201cKullan\u0131c\u0131\u201d) ile; Racsen M\u00fczik \u2013 Sercan \u015eayAdres: Feyzullah Mah. Lider Sk. No:3\/B Maltepe \/ \u0130stanbulE-posta: racsen@gitaraksesuar.com aras\u0131nda akdedilmi\u015ftir. Siteyi kullanmakla bu s\u00f6zle\u015fmeyi okudu\u011funuzu, anlad\u0131\u011f\u0131n\u0131z\u0131 ve t\u00fcm h\u00fck\u00fcmleri kabul etti\u011finizi beyan etmi\u015f&hellip;","jetpack_sharing_enabled":true,"_links":{"self":[{"href":"https:\/\/gitaraksesuar.com\/index.php?rest_route=\/wp\/v2\/pages\/258","targetHints":{"allow":["GET"]}}],"collection":[{"href":"https:\/\/gitaraksesuar.com\/index.php?rest_route=\/wp\/v2\/pages"}],"about":[{"href":"https:\/\/gitaraksesuar.com\/index.php?rest_route=\/wp\/v2\/types\/page"}],"author":[{"embeddable":true,"href":"https:\/\/gitaraksesuar.com\/index.php?rest_route=\/wp\/v2\/users\/1"}],"replies":[{"embeddable":true,"href":"https:\/\/gitaraksesuar.com\/index.php?rest_route=%2Fwp%2Fv2%2Fcomments&post=258"}],"version-history":[{"count":0,"href":"https:\/\/gitaraksesuar.com\/index.php?rest_route=\/wp\/v2\/pages\/258\/revisions"}],"wp:attachment":[{"href":"https:\/\/gitaraksesuar.com\/index.php?rest_route=%2Fwp%2Fv2%2Fmedia&parent=258"}],"curies":[{"name":"wp","href":"https:\/\/api.w.org\/{rel}","templated":true}]}}