{"id":262,"date":"2025-11-07T17:38:47","date_gmt":"2025-11-07T17:38:47","guid":{"rendered":"https:\/\/gitaraksesuar.com\/?page_id=262"},"modified":"2025-11-07T17:38:49","modified_gmt":"2025-11-07T17:38:49","slug":"on-bilgilendirme-formu","status":"publish","type":"page","link":"https:\/\/gitaraksesuar.com\/?page_id=262","title":{"rendered":"\u00d6N B\u0130LG\u0130LEND\u0130RME FORMU"},"content":{"rendered":"\n<p><strong>Racsen M\u00fczik \u2013 Sercan \u015eay<\/strong><br><strong>gitaraksesuar.com<\/strong><\/p>\n\n\n\n<hr class=\"wp-block-separator has-alpha-channel-opacity\"\/>\n\n\n\n<h2 class=\"wp-block-heading\"><strong>\u00d6N B\u0130LG\u0130LEND\u0130RME FORMU<\/strong><\/h2>\n\n\n\n<p>\u0130\u015fbu \u00d6n Bilgilendirme Formu, al\u0131c\u0131 taraf\u0131ndan gitaraksesuar.com \u00fczerinden verilen sipari\u015fe ili\u015fkin olarak, 6502 say\u0131l\u0131 T\u00fcketicinin Korunmas\u0131 Hakk\u0131nda Kanun ve Mesafeli S\u00f6zle\u015fmeler Y\u00f6netmeli\u011fi\u2019ne uygun \u015fekilde al\u0131c\u0131y\u0131 bilgilendirmek amac\u0131yla haz\u0131rlanm\u0131\u015ft\u0131r.<\/p>\n\n\n\n<hr class=\"wp-block-separator has-alpha-channel-opacity\"\/>\n\n\n\n<h1 class=\"wp-block-heading\">\u2705 <strong>1. SATICI B\u0130LG\u0130LER\u0130<\/strong><\/h1>\n\n\n\n<p><strong>\u00dcnvan:<\/strong> Racsen M\u00fczik \u2013 Sercan \u015eay<br><strong>Adres:<\/strong> Feyzullah Mah. Lider Sk. No:3\/B Maltepe \/ \u0130stanbul<br><strong>E-posta:<\/strong> <a>racsen@gitaraksesuar.com<\/a><br><strong>Telefon:<\/strong> (istersen ekleyebilirim)<\/p>\n\n\n\n<hr class=\"wp-block-separator has-alpha-channel-opacity\"\/>\n\n\n\n<h1 class=\"wp-block-heading\">\u2705 <strong>2. \u00dcR\u00dcNE \u0130L\u0130\u015eK\u0130N TEMEL \u00d6ZELL\u0130KLER<\/strong><\/h1>\n\n\n\n<p>\u00dcr\u00fcnlerin temel \u00f6zellikleri, sat\u0131\u015f sayfas\u0131nda her \u00fcr\u00fcn\u00fcn bulundu\u011fu alanda yer almaktad\u0131r.<br>Al\u0131c\u0131, bu \u00f6zellikleri inceleyerek sipari\u015f vermektedir.<\/p>\n\n\n\n<hr class=\"wp-block-separator has-alpha-channel-opacity\"\/>\n\n\n\n<h1 class=\"wp-block-heading\">\u2705 <strong>3. SATI\u015e F\u0130YATI VE \u00d6DEME B\u0130LG\u0130S\u0130<\/strong><\/h1>\n\n\n\n<ul class=\"wp-block-list\">\n<li>\u00dcr\u00fcnlerin t\u00fcm vergiler dahil sat\u0131\u015f fiyat\u0131, \u00f6deme \u015fekli ve toplam tutar sepette ve sipari\u015f \u00f6zeti ekran\u0131nda belirtilmektedir.<\/li>\n\n\n\n<li>Kampanya ve indirimler varsa sepete yans\u0131t\u0131l\u0131r.<\/li>\n<\/ul>\n\n\n\n<hr class=\"wp-block-separator has-alpha-channel-opacity\"\/>\n\n\n\n<h1 class=\"wp-block-heading\">\u2705 <strong>4. TESL\u0130MAT B\u0130LG\u0130LER\u0130<\/strong><\/h1>\n\n\n\n<ul class=\"wp-block-list\">\n<li>\u00dcr\u00fcnler, al\u0131c\u0131n\u0131n belirtti\u011fi adrese kargo ile teslim edilir.<\/li>\n\n\n\n<li>Normal \u015fartlarda \u00fcr\u00fcnler <strong>1\u20133 i\u015f g\u00fcn\u00fc<\/strong> i\u00e7inde kargoya teslim edilir.<\/li>\n\n\n\n<li>Kargo firmalar\u0131ndan kaynaklanan gecikmelerden sat\u0131c\u0131 sorumlu de\u011fildir.<\/li>\n<\/ul>\n\n\n\n<hr class=\"wp-block-separator has-alpha-channel-opacity\"\/>\n\n\n\n<h1 class=\"wp-block-heading\">\u2705 <strong>5. CAYMA HAKKI<\/strong><\/h1>\n\n\n\n<p>Al\u0131c\u0131, \u00fcr\u00fcn\u00fc teslim ald\u0131\u011f\u0131 tarihten itibaren <strong>14 g\u00fcn i\u00e7inde<\/strong> cayma hakk\u0131n\u0131 kullanabilir.<\/p>\n\n\n\n<p>Cayma hakk\u0131n\u0131n kullan\u0131lamad\u0131\u011f\u0131 \u00fcr\u00fcnler:<\/p>\n\n\n\n<ul class=\"wp-block-list\">\n<li>Ambalaj\u0131 a\u00e7\u0131lm\u0131\u015f gitar teli, pena, kulakl\u0131k, mikrofon vb. hijyen kurallar\u0131 gerektiren \u00fcr\u00fcnler<\/li>\n\n\n\n<li>Ki\u015fiye \u00f6zel \u00fcretilen \u00fcr\u00fcnler<\/li>\n\n\n\n<li>Kullan\u0131lm\u0131\u015f, hasar g\u00f6rm\u00fc\u015f \u00fcr\u00fcnler<\/li>\n<\/ul>\n\n\n\n<p>Cayma hakk\u0131 i\u00e7in:<br>\ud83d\udce9 <strong><a>racsen@gitaraksesuar.com<\/a><\/strong><\/p>\n\n\n\n<hr class=\"wp-block-separator has-alpha-channel-opacity\"\/>\n\n\n\n<h1 class=\"wp-block-heading\">\u2705 <strong>6. \u0130ADE \u015eARTLARI<\/strong><\/h1>\n\n\n\n<ul class=\"wp-block-list\">\n<li>\u0130ade edilecek \u00fcr\u00fcn eksiksiz, kullan\u0131lmam\u0131\u015f ve orijinal ambalaj\u0131yla g\u00f6nderilmelidir.<\/li>\n\n\n\n<li>Cayma hakk\u0131 kapsam\u0131nda <strong>kargo \u00fccreti al\u0131c\u0131ya aittir<\/strong> (\u00fcr\u00fcn ay\u0131pl\u0131\/hatal\u0131 de\u011filse).<\/li>\n\n\n\n<li>\u00dcr\u00fcn sat\u0131c\u0131ya ula\u015f\u0131p kontrol edilmeden \u00fccret iadesi yap\u0131lmaz.<\/li>\n<\/ul>\n\n\n\n<hr class=\"wp-block-separator has-alpha-channel-opacity\"\/>\n\n\n\n<h1 class=\"wp-block-heading\">\u2705 <strong>7. AYIPLI \u00dcR\u00dcN<\/strong><\/h1>\n\n\n\n<p>Al\u0131c\u0131, ay\u0131pl\u0131 \u00fcr\u00fcn durumunda 30 g\u00fcn i\u00e7inde:<\/p>\n\n\n\n<ul class=\"wp-block-list\">\n<li>\u00dccretsiz de\u011fi\u015fim,<\/li>\n\n\n\n<li>\u00dccretsiz onar\u0131m,<\/li>\n\n\n\n<li>Para iadesi taleplerinden birini se\u00e7ebilir.<\/li>\n<\/ul>\n\n\n\n<p>Kullan\u0131c\u0131 hatas\u0131 tespit edilirse talepler reddedilebilir.<\/p>\n\n\n\n<hr class=\"wp-block-separator has-alpha-channel-opacity\"\/>\n\n\n\n<h1 class=\"wp-block-heading\">\u2705 <strong>8. F\u0130KR\u0130 M\u00dcLK\u0130YET HAKLARI<\/strong><\/h1>\n\n\n\n<p>Sitedeki t\u00fcm g\u00f6rseller, a\u00e7\u0131klamalar, videolar ve marka \u00f6\u011feleri <strong>Racsen M\u00fczik \u2013 Sercan \u015eay\u2019a aittir<\/strong>.<br>\u0130zinsiz kullan\u0131m yasakt\u0131r.<\/p>\n\n\n\n<hr class=\"wp-block-separator has-alpha-channel-opacity\"\/>\n\n\n\n<h1 class=\"wp-block-heading\">\u2705 <strong>9. UYU\u015eMAZLIK \u00c7\u00d6Z\u00dcM\u00dc<\/strong><\/h1>\n\n\n\n<p>T\u00fcketici \u015fik\u00e2yet ve itirazlar\u0131, al\u0131c\u0131n\u0131n ikametgah\u0131n\u0131n bulundu\u011fu yerdeki veya sat\u0131c\u0131n\u0131n bulundu\u011fu yerdeki T\u00fcketici Hakem Heyetlerine yap\u0131labilir.<\/p>\n\n\n\n<hr class=\"wp-block-separator has-alpha-channel-opacity\"\/>\n\n\n\n<h1 class=\"wp-block-heading\">\u2705 <strong>10. KABUL BEYANI<\/strong><\/h1>\n\n\n\n<p>Al\u0131c\u0131, gitaraksesuar.com \u00fczerinden sipari\u015f vererek:<\/p>\n\n\n\n<ul class=\"wp-block-list\">\n<li>Bu \u00f6n bilgilendirme formunu okudu\u011funu,<\/li>\n\n\n\n<li>Mesafeli Sat\u0131\u015f S\u00f6zle\u015fmesi\u2019ni kabul etti\u011fini<br>elektronik ortamda onaylam\u0131\u015f say\u0131l\u0131r.<\/li>\n<\/ul>\n","protected":false},"excerpt":{"rendered":"<p>Racsen M\u00fczik \u2013 Sercan \u015eaygitaraksesuar.com \u00d6N B\u0130LG\u0130LEND\u0130RME FORMU \u0130\u015fbu \u00d6n Bilgilendirme Formu, al\u0131c\u0131 taraf\u0131ndan gitaraksesuar.com \u00fczerinden verilen sipari\u015fe ili\u015fkin olarak, 6502 say\u0131l\u0131 T\u00fcketicinin Korunmas\u0131 Hakk\u0131nda Kanun ve Mesafeli S\u00f6zle\u015fmeler Y\u00f6netmeli\u011fi\u2019ne uygun \u015fekilde al\u0131c\u0131y\u0131 bilgilendirmek amac\u0131yla haz\u0131rlanm\u0131\u015ft\u0131r. \u2705 1. SATICI B\u0130LG\u0130LER\u0130 \u00dcnvan: Racsen M\u00fczik \u2013 Sercan \u015eayAdres: Feyzullah Mah. Lider Sk. No:3\/B Maltepe \/ \u0130stanbulE-posta: racsen@gitaraksesuar.comTelefon: [&hellip;]<\/p>\n","protected":false},"author":1,"featured_media":0,"parent":0,"menu_order":0,"comment_status":"closed","ping_status":"closed","template":"","meta":{"_acf_changed":false,"_uag_custom_page_level_css":"","footnotes":""},"class_list":["post-262","page","type-page","status-publish","hentry"],"acf":[],"yoast_head":"<!-- This site is optimized with the Yoast SEO plugin v27.5 - https:\/\/yoast.com\/product\/yoast-seo-wordpress\/ -->\n<title>\u00d6N B\u0130LG\u0130LEND\u0130RME FORMU - Gitar Aksesuar &ndash; Gitar ve Bas Ekipmanlar\u0131<\/title>\n<meta name=\"robots\" content=\"index, follow, max-snippet:-1, max-image-preview:large, max-video-preview:-1\" \/>\n<link rel=\"canonical\" href=\"https:\/\/gitaraksesuar.com\/?page_id=262\" \/>\n<meta property=\"og:locale\" content=\"tr_TR\" \/>\n<meta property=\"og:type\" content=\"article\" \/>\n<meta property=\"og:title\" content=\"\u00d6N B\u0130LG\u0130LEND\u0130RME FORMU - Gitar Aksesuar &ndash; Gitar ve Bas Ekipmanlar\u0131\" \/>\n<meta property=\"og:description\" content=\"Racsen M\u00fczik \u2013 Sercan \u015eaygitaraksesuar.com \u00d6N B\u0130LG\u0130LEND\u0130RME FORMU \u0130\u015fbu \u00d6n Bilgilendirme Formu, al\u0131c\u0131 taraf\u0131ndan gitaraksesuar.com \u00fczerinden verilen sipari\u015fe ili\u015fkin olarak, 6502 say\u0131l\u0131 T\u00fcketicinin Korunmas\u0131 Hakk\u0131nda Kanun ve Mesafeli S\u00f6zle\u015fmeler Y\u00f6netmeli\u011fi\u2019ne uygun \u015fekilde al\u0131c\u0131y\u0131 bilgilendirmek amac\u0131yla haz\u0131rlanm\u0131\u015ft\u0131r. \u2705 1. SATICI B\u0130LG\u0130LER\u0130 \u00dcnvan: Racsen M\u00fczik \u2013 Sercan \u015eayAdres: Feyzullah Mah. Lider Sk. No:3\/B Maltepe \/ \u0130stanbulE-posta: racsen@gitaraksesuar.comTelefon: [&hellip;]\" \/>\n<meta property=\"og:url\" content=\"https:\/\/gitaraksesuar.com\/?page_id=262\" \/>\n<meta property=\"og:site_name\" content=\"Gitar Aksesuar &ndash; Gitar ve Bas Ekipmanlar\u0131\" \/>\n<meta property=\"article:modified_time\" content=\"2025-11-07T17:38:49+00:00\" \/>\n<meta name=\"twitter:card\" content=\"summary_large_image\" \/>\n<meta name=\"twitter:label1\" content=\"Tahmini okuma s\u00fcresi\" \/>\n\t<meta name=\"twitter:data1\" content=\"2 dakika\" \/>\n<script type=\"application\/ld+json\" class=\"yoast-schema-graph\">{\"@context\":\"https:\\\/\\\/schema.org\",\"@graph\":[{\"@type\":\"WebPage\",\"@id\":\"https:\\\/\\\/gitaraksesuar.com\\\/?page_id=262\",\"url\":\"https:\\\/\\\/gitaraksesuar.com\\\/?page_id=262\",\"name\":\"\u00d6N B\u0130LG\u0130LEND\u0130RME FORMU - Gitar Aksesuar &ndash; Gitar ve Bas Ekipmanlar\u0131\",\"isPartOf\":{\"@id\":\"http:\\\/\\\/gitaraksesuar.com\\\/#website\"},\"datePublished\":\"2025-11-07T17:38:47+00:00\",\"dateModified\":\"2025-11-07T17:38:49+00:00\",\"breadcrumb\":{\"@id\":\"https:\\\/\\\/gitaraksesuar.com\\\/?page_id=262#breadcrumb\"},\"inLanguage\":\"tr\",\"potentialAction\":[{\"@type\":\"ReadAction\",\"target\":[\"https:\\\/\\\/gitaraksesuar.com\\\/?page_id=262\"]}]},{\"@type\":\"BreadcrumbList\",\"@id\":\"https:\\\/\\\/gitaraksesuar.com\\\/?page_id=262#breadcrumb\",\"itemListElement\":[{\"@type\":\"ListItem\",\"position\":1,\"name\":\"Anasayfa\",\"item\":\"http:\\\/\\\/gitaraksesuar.com\\\/\"},{\"@type\":\"ListItem\",\"position\":2,\"name\":\"\u00d6N B\u0130LG\u0130LEND\u0130RME FORMU\"}]},{\"@type\":\"WebSite\",\"@id\":\"http:\\\/\\\/gitaraksesuar.com\\\/#website\",\"url\":\"http:\\\/\\\/gitaraksesuar.com\\\/\",\"name\":\"Gitar Aksesuar &ndash; Gitar ve Bas Ekipmanlar\u0131\",\"description\":\"Gitar ve bas d&uuml;nyas\u0131n\u0131n g&uuml;venilir al\u0131\u015fveri\u015f noktas\u0131.\",\"publisher\":{\"@id\":\"http:\\\/\\\/gitaraksesuar.com\\\/#organization\"},\"potentialAction\":[{\"@type\":\"SearchAction\",\"target\":{\"@type\":\"EntryPoint\",\"urlTemplate\":\"http:\\\/\\\/gitaraksesuar.com\\\/?s={search_term_string}\"},\"query-input\":{\"@type\":\"PropertyValueSpecification\",\"valueRequired\":true,\"valueName\":\"search_term_string\"}}],\"inLanguage\":\"tr\"},{\"@type\":\"Organization\",\"@id\":\"http:\\\/\\\/gitaraksesuar.com\\\/#organization\",\"name\":\"Gitar Aksesuar &ndash; Gitar ve Bas Ekipmanlar\u0131\",\"url\":\"http:\\\/\\\/gitaraksesuar.com\\\/\",\"logo\":{\"@type\":\"ImageObject\",\"inLanguage\":\"tr\",\"@id\":\"http:\\\/\\\/gitaraksesuar.com\\\/#\\\/schema\\\/logo\\\/image\\\/\",\"url\":\"https:\\\/\\\/gitaraksesuar.com\\\/wp-content\\\/uploads\\\/2025\\\/10\\\/cropped-Gitar-Aksesuar-Logo.png\",\"contentUrl\":\"https:\\\/\\\/gitaraksesuar.com\\\/wp-content\\\/uploads\\\/2025\\\/10\\\/cropped-Gitar-Aksesuar-Logo.png\",\"width\":1036,\"height\":243,\"caption\":\"Gitar Aksesuar &ndash; Gitar ve Bas Ekipmanlar\u0131\"},\"image\":{\"@id\":\"http:\\\/\\\/gitaraksesuar.com\\\/#\\\/schema\\\/logo\\\/image\\\/\"}}]}<\/script>\n<!-- \/ Yoast SEO plugin. -->","yoast_head_json":{"title":"\u00d6N B\u0130LG\u0130LEND\u0130RME FORMU - Gitar Aksesuar &ndash; Gitar ve Bas Ekipmanlar\u0131","robots":{"index":"index","follow":"follow","max-snippet":"max-snippet:-1","max-image-preview":"max-image-preview:large","max-video-preview":"max-video-preview:-1"},"canonical":"https:\/\/gitaraksesuar.com\/?page_id=262","og_locale":"tr_TR","og_type":"article","og_title":"\u00d6N B\u0130LG\u0130LEND\u0130RME FORMU - Gitar Aksesuar &ndash; Gitar ve Bas Ekipmanlar\u0131","og_description":"Racsen M\u00fczik \u2013 Sercan \u015eaygitaraksesuar.com \u00d6N B\u0130LG\u0130LEND\u0130RME FORMU \u0130\u015fbu \u00d6n Bilgilendirme Formu, al\u0131c\u0131 taraf\u0131ndan gitaraksesuar.com \u00fczerinden verilen sipari\u015fe ili\u015fkin olarak, 6502 say\u0131l\u0131 T\u00fcketicinin Korunmas\u0131 Hakk\u0131nda Kanun ve Mesafeli S\u00f6zle\u015fmeler Y\u00f6netmeli\u011fi\u2019ne uygun \u015fekilde al\u0131c\u0131y\u0131 bilgilendirmek amac\u0131yla haz\u0131rlanm\u0131\u015ft\u0131r. \u2705 1. SATICI B\u0130LG\u0130LER\u0130 \u00dcnvan: Racsen M\u00fczik \u2013 Sercan \u015eayAdres: Feyzullah Mah. Lider Sk. No:3\/B Maltepe \/ \u0130stanbulE-posta: racsen@gitaraksesuar.comTelefon: [&hellip;]","og_url":"https:\/\/gitaraksesuar.com\/?page_id=262","og_site_name":"Gitar Aksesuar &ndash; Gitar ve Bas Ekipmanlar\u0131","article_modified_time":"2025-11-07T17:38:49+00:00","twitter_card":"summary_large_image","twitter_misc":{"Tahmini okuma s\u00fcresi":"2 dakika"},"schema":{"@context":"https:\/\/schema.org","@graph":[{"@type":"WebPage","@id":"https:\/\/gitaraksesuar.com\/?page_id=262","url":"https:\/\/gitaraksesuar.com\/?page_id=262","name":"\u00d6N B\u0130LG\u0130LEND\u0130RME FORMU - Gitar Aksesuar &ndash; Gitar ve Bas Ekipmanlar\u0131","isPartOf":{"@id":"http:\/\/gitaraksesuar.com\/#website"},"datePublished":"2025-11-07T17:38:47+00:00","dateModified":"2025-11-07T17:38:49+00:00","breadcrumb":{"@id":"https:\/\/gitaraksesuar.com\/?page_id=262#breadcrumb"},"inLanguage":"tr","potentialAction":[{"@type":"ReadAction","target":["https:\/\/gitaraksesuar.com\/?page_id=262"]}]},{"@type":"BreadcrumbList","@id":"https:\/\/gitaraksesuar.com\/?page_id=262#breadcrumb","itemListElement":[{"@type":"ListItem","position":1,"name":"Anasayfa","item":"http:\/\/gitaraksesuar.com\/"},{"@type":"ListItem","position":2,"name":"\u00d6N B\u0130LG\u0130LEND\u0130RME FORMU"}]},{"@type":"WebSite","@id":"http:\/\/gitaraksesuar.com\/#website","url":"http:\/\/gitaraksesuar.com\/","name":"Gitar Aksesuar &ndash; Gitar ve Bas Ekipmanlar\u0131","description":"Gitar ve bas d&uuml;nyas\u0131n\u0131n g&uuml;venilir al\u0131\u015fveri\u015f noktas\u0131.","publisher":{"@id":"http:\/\/gitaraksesuar.com\/#organization"},"potentialAction":[{"@type":"SearchAction","target":{"@type":"EntryPoint","urlTemplate":"http:\/\/gitaraksesuar.com\/?s={search_term_string}"},"query-input":{"@type":"PropertyValueSpecification","valueRequired":true,"valueName":"search_term_string"}}],"inLanguage":"tr"},{"@type":"Organization","@id":"http:\/\/gitaraksesuar.com\/#organization","name":"Gitar Aksesuar &ndash; Gitar ve Bas Ekipmanlar\u0131","url":"http:\/\/gitaraksesuar.com\/","logo":{"@type":"ImageObject","inLanguage":"tr","@id":"http:\/\/gitaraksesuar.com\/#\/schema\/logo\/image\/","url":"https:\/\/gitaraksesuar.com\/wp-content\/uploads\/2025\/10\/cropped-Gitar-Aksesuar-Logo.png","contentUrl":"https:\/\/gitaraksesuar.com\/wp-content\/uploads\/2025\/10\/cropped-Gitar-Aksesuar-Logo.png","width":1036,"height":243,"caption":"Gitar Aksesuar &ndash; Gitar ve Bas Ekipmanlar\u0131"},"image":{"@id":"http:\/\/gitaraksesuar.com\/#\/schema\/logo\/image\/"}}]}},"uagb_featured_image_src":{"full":false,"thumbnail":false,"medium":false,"medium_large":false,"large":false,"1536x1536":false,"2048x2048":false,"woocommerce_thumbnail":false,"woocommerce_single":false,"woocommerce_gallery_thumbnail":false},"uagb_author_info":{"display_name":"admin","author_link":"https:\/\/gitaraksesuar.com\/?author=1"},"uagb_comment_info":0,"uagb_excerpt":"Racsen M\u00fczik \u2013 Sercan \u015eaygitaraksesuar.com \u00d6N B\u0130LG\u0130LEND\u0130RME FORMU \u0130\u015fbu \u00d6n Bilgilendirme Formu, al\u0131c\u0131 taraf\u0131ndan gitaraksesuar.com \u00fczerinden verilen sipari\u015fe ili\u015fkin olarak, 6502 say\u0131l\u0131 T\u00fcketicinin Korunmas\u0131 Hakk\u0131nda Kanun ve Mesafeli S\u00f6zle\u015fmeler Y\u00f6netmeli\u011fi\u2019ne uygun \u015fekilde al\u0131c\u0131y\u0131 bilgilendirmek amac\u0131yla haz\u0131rlanm\u0131\u015ft\u0131r. \u2705 1. SATICI B\u0130LG\u0130LER\u0130 \u00dcnvan: Racsen M\u00fczik \u2013 Sercan \u015eayAdres: Feyzullah Mah. Lider Sk. No:3\/B Maltepe \/ \u0130stanbulE-posta: racsen@gitaraksesuar.comTelefon:&hellip;","jetpack_sharing_enabled":true,"_links":{"self":[{"href":"https:\/\/gitaraksesuar.com\/index.php?rest_route=\/wp\/v2\/pages\/262","targetHints":{"allow":["GET"]}}],"collection":[{"href":"https:\/\/gitaraksesuar.com\/index.php?rest_route=\/wp\/v2\/pages"}],"about":[{"href":"https:\/\/gitaraksesuar.com\/index.php?rest_route=\/wp\/v2\/types\/page"}],"author":[{"embeddable":true,"href":"https:\/\/gitaraksesuar.com\/index.php?rest_route=\/wp\/v2\/users\/1"}],"replies":[{"embeddable":true,"href":"https:\/\/gitaraksesuar.com\/index.php?rest_route=%2Fwp%2Fv2%2Fcomments&post=262"}],"version-history":[{"count":0,"href":"https:\/\/gitaraksesuar.com\/index.php?rest_route=\/wp\/v2\/pages\/262\/revisions"}],"wp:attachment":[{"href":"https:\/\/gitaraksesuar.com\/index.php?rest_route=%2Fwp%2Fv2%2Fmedia&parent=262"}],"curies":[{"name":"wp","href":"https:\/\/api.w.org\/{rel}","templated":true}]}}