{"id":3,"date":"2025-10-29T21:39:53","date_gmt":"2025-10-29T21:39:53","guid":{"rendered":"http:\/\/gitaraksesuar.com\/?page_id=3"},"modified":"2025-11-07T17:43:28","modified_gmt":"2025-11-07T17:43:28","slug":"privacy-policy","status":"publish","type":"page","link":"https:\/\/gitaraksesuar.com\/?page_id=3","title":{"rendered":"G\u0130ZL\u0130L\u0130K VE G\u00dcVENL\u0130K POL\u0130T\u0130KASI"},"content":{"rendered":"\n<p><strong>Racsen M\u00fczik \u2013 Sercan \u015eay<\/strong><br><strong>gitaraksesuar.com<\/strong><\/p>\n\n\n\n<hr class=\"wp-block-separator has-alpha-channel-opacity\"\/>\n\n\n\n<h2 class=\"wp-block-heading\">\ud83d\udccc <strong>G\u0130ZL\u0130L\u0130K POL\u0130T\u0130KASI<\/strong><\/h2>\n\n\n\n<p>Bu internet sitesi ve ma\u011faza hizmetleri, <strong>gitaraksesuar.com<\/strong> alan ad\u0131nda faaliyet g\u00f6steren <strong>Racsen M\u00fczik \u2013 Sercan \u015eay<\/strong> taraf\u0131ndan i\u015fletilmektedir.<\/p>\n\n\n\n<p>Firmam\u0131z, \u00e7e\u015fitli ama\u00e7larla ki\u015fisel veriler toplayabilir. A\u015fa\u011f\u0131da, toplanan ki\u015fisel verilerin nas\u0131l topland\u0131\u011f\u0131 ve nas\u0131l korundu\u011fu a\u00e7\u0131klanmaktad\u0131r.<\/p>\n\n\n\n<hr class=\"wp-block-separator has-alpha-channel-opacity\"\/>\n\n\n\n<h2 class=\"wp-block-heading\">\u2705 <strong>Toplanan Veriler<\/strong><\/h2>\n\n\n\n<p>\u00dcyelik olu\u015fturdu\u011funuzda veya \u00e7e\u015fitli form\/anket doldurdu\u011funuzda isim, soy isim, adres, telefon, e-posta gibi bilgiler taraf\u0131n\u0131zdan talep edilebilir.<br>Bu bilgiler, i\u015fin do\u011fas\u0131 gere\u011fi sistemimiz taraf\u0131ndan saklan\u0131r.<\/p>\n\n\n\n<hr class=\"wp-block-separator has-alpha-channel-opacity\"\/>\n\n\n\n<h2 class=\"wp-block-heading\">\u2705 <strong>Bilgilendirme Mesajlar\u0131<\/strong><\/h2>\n\n\n\n<p>Firmam\u0131z zaman zaman kampanya, yeni \u00fcr\u00fcn veya promosyon iletileri g\u00f6nderebilir.<br>Bu g\u00f6nderimleri almak\/almak istememek tamamen sizin tercihinizdir. Dilerseniz kullan\u0131c\u0131 panelinizden veya iletilerdeki ba\u011flant\u0131dan abonelik durumunu de\u011fi\u015ftirebilirsiniz.<\/p>\n\n\n\n<hr class=\"wp-block-separator has-alpha-channel-opacity\"\/>\n\n\n\n<h2 class=\"wp-block-heading\">\u2705 <strong>Ki\u015fisel Verilerin Korunmas\u0131<\/strong><\/h2>\n\n\n\n<p>Ma\u011fazam\u0131za iletti\u011finiz ki\u015fisel bilgiler, <strong>Kullan\u0131c\u0131 S\u00f6zle\u015fmesi<\/strong> kapsam\u0131nda \u00fc\u00e7\u00fcnc\u00fc ki\u015filerle asla payla\u015f\u0131lmaz.<\/p>\n\n\n\n<p>Sistemsel sorunlar\u0131n \u00e7\u00f6z\u00fcm\u00fc ve kullan\u0131c\u0131 deneyiminin iyile\u015ftirilmesi amac\u0131yla IP adresleri kaydedilebilir ve demografik analizlerde kullan\u0131labilir.<\/p>\n\n\n\n<p>Firmam\u0131z, talep edilen bilgileri yaln\u0131zca kendi pazarlama faaliyetleri i\u00e7in kullanabilir ve gerekti\u011finde kullan\u0131c\u0131ya ula\u015fmak i\u00e7in ileti\u015fim kurabilir.<\/p>\n\n\n\n<p>Kullan\u0131c\u0131 bilgileri, kimlik bilgileriniz a\u00e7\u0131klanmaks\u0131z\u0131n istatistiksel \u00e7al\u0131\u015fmalar, veri taban\u0131 olu\u015fturma ve pazar ara\u015ft\u0131rmalar\u0131 i\u00e7in kullan\u0131labilir.<\/p>\n\n\n\n<p>Firmam\u0131z gizli bilgilerin korunmas\u0131, yetkisiz eri\u015fimin engellenmesi ve bilgilerin g\u00fcvenli\u011finin sa\u011flanmas\u0131 i\u00e7in t\u00fcm teknik ve idari tedbirleri al\u0131r.<\/p>\n\n\n\n<hr class=\"wp-block-separator has-alpha-channel-opacity\"\/>\n\n\n\n<h2 class=\"wp-block-heading\">\u2705 <strong>Kredi Kart\u0131 G\u00fcvenli\u011fi<\/strong><\/h2>\n\n\n\n<p>Kredi kart\u0131 bilgileriniz sistemimizde <strong>kesinlikle saklanmaz<\/strong>.<br>\u00d6deme i\u015flemleri s\u0131ras\u0131nda bilgileriniz <strong>256 bit SSL<\/strong> ile \u015fifrelenir ve do\u011frudan ilgili bankaya iletilir.<\/p>\n\n\n\n<p>Kart bilgileriniz firmam\u0131z taraf\u0131ndan g\u00f6r\u00fcnt\u00fclenemez ve kay\u0131t alt\u0131na al\u0131namaz.<\/p>\n\n\n\n<p>Online kredi kart\u0131 ile verilen ilk sipari\u015flerde, g\u00fcvenlik amac\u0131yla adres ve telefon do\u011frulamas\u0131 yap\u0131labilir. Gerekli g\u00f6r\u00fcld\u00fc\u011f\u00fcnde banka ile ileti\u015fime ge\u00e7ilebilir.<\/p>\n\n\n\n<hr class=\"wp-block-separator has-alpha-channel-opacity\"\/>\n\n\n\n<h2 class=\"wp-block-heading\">\u2705 <strong>\u00dc\u00e7\u00fcnc\u00fc Taraf Ba\u011flant\u0131lar\u0131<\/strong><\/h2>\n\n\n\n<p>Sitemizde \u00fc\u00e7\u00fcnc\u00fc ki\u015fi web sitelerine ba\u011flant\u0131lar bulunabilir.<br>Bu sitelerin gizlilik politikalar\u0131 ve i\u00e7eriklerinden firmam\u0131z sorumlu de\u011fildir.<\/p>\n\n\n\n<hr class=\"wp-block-separator has-alpha-channel-opacity\"\/>\n\n\n\n<h2 class=\"wp-block-heading\">\u2705 <strong>\u0130stisnai Durumlar<\/strong><\/h2>\n\n\n\n<p>A\u015fa\u011f\u0131daki hallerde kullan\u0131c\u0131 bilgileri ilgili kurumlarla payla\u015f\u0131labilir:<\/p>\n\n\n\n<ol class=\"wp-block-list\">\n<li>Kanuni zorunluluklar<\/li>\n\n\n\n<li>Kullan\u0131c\u0131 s\u00f6zle\u015fmesi gereklilikleri<\/li>\n\n\n\n<li>Yetkili mercilerin resmi talebi<\/li>\n\n\n\n<li>Kullan\u0131c\u0131 haklar\u0131n\u0131n veya g\u00fcvenli\u011finin korunmas\u0131<\/li>\n<\/ol>\n\n\n\n<hr class=\"wp-block-separator has-alpha-channel-opacity\"\/>\n\n\n\n<h2 class=\"wp-block-heading\">\u2705 <strong>E-Posta G\u00fcvenli\u011fi<\/strong><\/h2>\n\n\n\n<p>M\u00fc\u015fteri hizmetlerine g\u00f6nderdi\u011finiz e-postalarda kredi kart\u0131 bilgilerinizi kesinlikle payla\u015fmay\u0131n\u0131z.<br>E-postalar \u00fc\u00e7\u00fcnc\u00fc ki\u015filer taraf\u0131ndan g\u00f6r\u00fclebilir; firmam\u0131z bu bilgilerin g\u00fcvenli\u011fini garanti etmez.<\/p>\n\n\n\n<hr class=\"wp-block-separator has-alpha-channel-opacity\"\/>\n\n\n\n<h2 class=\"wp-block-heading\">\u2705 <strong>\u00c7erez (Cookie) Kullan\u0131m\u0131<\/strong><\/h2>\n\n\n\n<p>Sitemizde kullan\u0131c\u0131 deneyimini geli\u015ftirmek, istatistik \u00fcretmek ve tercihlerinizi hat\u0131rlamak amac\u0131yla \u00e7erezler kullan\u0131lmaktad\u0131r.<\/p>\n\n\n\n<p>Taray\u0131c\u0131n\u0131zdan \u00e7erez ayarlar\u0131n\u0131 de\u011fi\u015ftirebilir veya \u00e7erezleri devre d\u0131\u015f\u0131 b\u0131rakabilirsiniz.<\/p>\n\n\n\n<hr class=\"wp-block-separator has-alpha-channel-opacity\"\/>\n\n\n\n<h2 class=\"wp-block-heading\">\u2705 <strong>Gizlilik Politikas\u0131ndaki De\u011fi\u015fiklikler<\/strong><\/h2>\n\n\n\n<p>Firmam\u0131z bu politikay\u0131 diledi\u011fi zaman g\u00fcncelleme hakk\u0131n\u0131 sakl\u0131 tutar.<br>Yap\u0131lan de\u011fi\u015fiklikler yay\u0131m tarihinde y\u00fcr\u00fcrl\u00fc\u011fe girer.<\/p>\n\n\n\n<hr class=\"wp-block-separator has-alpha-channel-opacity\"\/>\n\n\n\n<h2 class=\"wp-block-heading\">\u2705 <strong>\u0130leti\u015fim Bilgileri<\/strong><\/h2>\n\n\n\n<p><strong>Firma \u00dcnvan\u0131:<\/strong> Racsen M\u00fczik \u2013 Sercan \u015eay<br><strong>Adres:<\/strong> Feyzullah Mah. Lider Sk. No:3\/B Maltepe \/ \u0130stanbul<br><strong>E-posta:<\/strong> <a>racsen@gitaraksesuar.com<\/a><br><strong>Telefon:<\/strong> 0 545 425 04 05<\/p>\n","protected":false},"excerpt":{"rendered":"<p>Racsen M\u00fczik \u2013 Sercan \u015eaygitaraksesuar.com \ud83d\udccc G\u0130ZL\u0130L\u0130K POL\u0130T\u0130KASI Bu internet sitesi ve ma\u011faza hizmetleri, gitaraksesuar.com alan ad\u0131nda faaliyet g\u00f6steren Racsen M\u00fczik \u2013 Sercan \u015eay taraf\u0131ndan i\u015fletilmektedir. Firmam\u0131z, \u00e7e\u015fitli ama\u00e7larla ki\u015fisel veriler toplayabilir. A\u015fa\u011f\u0131da, toplanan ki\u015fisel verilerin nas\u0131l topland\u0131\u011f\u0131 ve nas\u0131l korundu\u011fu a\u00e7\u0131klanmaktad\u0131r. \u2705 Toplanan Veriler \u00dcyelik olu\u015fturdu\u011funuzda veya \u00e7e\u015fitli form\/anket doldurdu\u011funuzda isim, soy isim, adres, [&hellip;]<\/p>\n","protected":false},"author":1,"featured_media":0,"parent":0,"menu_order":0,"comment_status":"closed","ping_status":"open","template":"template-fullwidth.php","meta":{"_acf_changed":false,"_uag_custom_page_level_css":"","footnotes":""},"class_list":["post-3","page","type-page","status-publish","hentry"],"acf":[],"yoast_head":"<!-- This site is optimized with the Yoast SEO plugin v27.5 - https:\/\/yoast.com\/product\/yoast-seo-wordpress\/ -->\n<title>G\u0130ZL\u0130L\u0130K VE G\u00dcVENL\u0130K POL\u0130T\u0130KASI - Gitar Aksesuar &ndash; Gitar ve Bas Ekipmanlar\u0131<\/title>\n<meta name=\"robots\" content=\"index, follow, max-snippet:-1, max-image-preview:large, max-video-preview:-1\" \/>\n<link rel=\"canonical\" href=\"https:\/\/gitaraksesuar.com\/?page_id=3\" \/>\n<meta property=\"og:locale\" content=\"tr_TR\" \/>\n<meta property=\"og:type\" content=\"article\" \/>\n<meta property=\"og:title\" content=\"G\u0130ZL\u0130L\u0130K VE G\u00dcVENL\u0130K POL\u0130T\u0130KASI - Gitar Aksesuar &ndash; Gitar ve Bas Ekipmanlar\u0131\" \/>\n<meta property=\"og:description\" content=\"Racsen M\u00fczik \u2013 Sercan \u015eaygitaraksesuar.com \ud83d\udccc G\u0130ZL\u0130L\u0130K POL\u0130T\u0130KASI Bu internet sitesi ve ma\u011faza hizmetleri, gitaraksesuar.com alan ad\u0131nda faaliyet g\u00f6steren Racsen M\u00fczik \u2013 Sercan \u015eay taraf\u0131ndan i\u015fletilmektedir. Firmam\u0131z, \u00e7e\u015fitli ama\u00e7larla ki\u015fisel veriler toplayabilir. A\u015fa\u011f\u0131da, toplanan ki\u015fisel verilerin nas\u0131l topland\u0131\u011f\u0131 ve nas\u0131l korundu\u011fu a\u00e7\u0131klanmaktad\u0131r. \u2705 Toplanan Veriler \u00dcyelik olu\u015fturdu\u011funuzda veya \u00e7e\u015fitli form\/anket doldurdu\u011funuzda isim, soy isim, adres, [&hellip;]\" \/>\n<meta property=\"og:url\" content=\"https:\/\/gitaraksesuar.com\/?page_id=3\" \/>\n<meta property=\"og:site_name\" content=\"Gitar Aksesuar &ndash; Gitar ve Bas Ekipmanlar\u0131\" \/>\n<meta property=\"article:modified_time\" content=\"2025-11-07T17:43:28+00:00\" \/>\n<meta name=\"twitter:card\" content=\"summary_large_image\" \/>\n<meta name=\"twitter:label1\" content=\"Tahmini okuma s\u00fcresi\" \/>\n\t<meta name=\"twitter:data1\" content=\"3 dakika\" \/>\n<script type=\"application\/ld+json\" class=\"yoast-schema-graph\">{\"@context\":\"https:\\\/\\\/schema.org\",\"@graph\":[{\"@type\":\"WebPage\",\"@id\":\"https:\\\/\\\/gitaraksesuar.com\\\/?page_id=3\",\"url\":\"https:\\\/\\\/gitaraksesuar.com\\\/?page_id=3\",\"name\":\"G\u0130ZL\u0130L\u0130K VE G\u00dcVENL\u0130K POL\u0130T\u0130KASI - Gitar Aksesuar &ndash; Gitar ve Bas Ekipmanlar\u0131\",\"isPartOf\":{\"@id\":\"http:\\\/\\\/gitaraksesuar.com\\\/#website\"},\"datePublished\":\"2025-10-29T21:39:53+00:00\",\"dateModified\":\"2025-11-07T17:43:28+00:00\",\"breadcrumb\":{\"@id\":\"https:\\\/\\\/gitaraksesuar.com\\\/?page_id=3#breadcrumb\"},\"inLanguage\":\"tr\",\"potentialAction\":[{\"@type\":\"ReadAction\",\"target\":[\"https:\\\/\\\/gitaraksesuar.com\\\/?page_id=3\"]}]},{\"@type\":\"BreadcrumbList\",\"@id\":\"https:\\\/\\\/gitaraksesuar.com\\\/?page_id=3#breadcrumb\",\"itemListElement\":[{\"@type\":\"ListItem\",\"position\":1,\"name\":\"Anasayfa\",\"item\":\"http:\\\/\\\/gitaraksesuar.com\\\/\"},{\"@type\":\"ListItem\",\"position\":2,\"name\":\"G\u0130ZL\u0130L\u0130K VE G\u00dcVENL\u0130K POL\u0130T\u0130KASI\"}]},{\"@type\":\"WebSite\",\"@id\":\"http:\\\/\\\/gitaraksesuar.com\\\/#website\",\"url\":\"http:\\\/\\\/gitaraksesuar.com\\\/\",\"name\":\"Gitar Aksesuar &ndash; Gitar ve Bas Ekipmanlar\u0131\",\"description\":\"Gitar ve bas d&uuml;nyas\u0131n\u0131n g&uuml;venilir al\u0131\u015fveri\u015f noktas\u0131.\",\"publisher\":{\"@id\":\"http:\\\/\\\/gitaraksesuar.com\\\/#organization\"},\"potentialAction\":[{\"@type\":\"SearchAction\",\"target\":{\"@type\":\"EntryPoint\",\"urlTemplate\":\"http:\\\/\\\/gitaraksesuar.com\\\/?s={search_term_string}\"},\"query-input\":{\"@type\":\"PropertyValueSpecification\",\"valueRequired\":true,\"valueName\":\"search_term_string\"}}],\"inLanguage\":\"tr\"},{\"@type\":\"Organization\",\"@id\":\"http:\\\/\\\/gitaraksesuar.com\\\/#organization\",\"name\":\"Gitar Aksesuar &ndash; Gitar ve Bas Ekipmanlar\u0131\",\"url\":\"http:\\\/\\\/gitaraksesuar.com\\\/\",\"logo\":{\"@type\":\"ImageObject\",\"inLanguage\":\"tr\",\"@id\":\"http:\\\/\\\/gitaraksesuar.com\\\/#\\\/schema\\\/logo\\\/image\\\/\",\"url\":\"https:\\\/\\\/gitaraksesuar.com\\\/wp-content\\\/uploads\\\/2025\\\/10\\\/cropped-Gitar-Aksesuar-Logo.png\",\"contentUrl\":\"https:\\\/\\\/gitaraksesuar.com\\\/wp-content\\\/uploads\\\/2025\\\/10\\\/cropped-Gitar-Aksesuar-Logo.png\",\"width\":1036,\"height\":243,\"caption\":\"Gitar Aksesuar &ndash; Gitar ve Bas Ekipmanlar\u0131\"},\"image\":{\"@id\":\"http:\\\/\\\/gitaraksesuar.com\\\/#\\\/schema\\\/logo\\\/image\\\/\"}}]}<\/script>\n<!-- \/ Yoast SEO plugin. -->","yoast_head_json":{"title":"G\u0130ZL\u0130L\u0130K VE G\u00dcVENL\u0130K POL\u0130T\u0130KASI - Gitar Aksesuar &ndash; Gitar ve Bas Ekipmanlar\u0131","robots":{"index":"index","follow":"follow","max-snippet":"max-snippet:-1","max-image-preview":"max-image-preview:large","max-video-preview":"max-video-preview:-1"},"canonical":"https:\/\/gitaraksesuar.com\/?page_id=3","og_locale":"tr_TR","og_type":"article","og_title":"G\u0130ZL\u0130L\u0130K VE G\u00dcVENL\u0130K POL\u0130T\u0130KASI - Gitar Aksesuar &ndash; Gitar ve Bas Ekipmanlar\u0131","og_description":"Racsen M\u00fczik \u2013 Sercan \u015eaygitaraksesuar.com \ud83d\udccc G\u0130ZL\u0130L\u0130K POL\u0130T\u0130KASI Bu internet sitesi ve ma\u011faza hizmetleri, gitaraksesuar.com alan ad\u0131nda faaliyet g\u00f6steren Racsen M\u00fczik \u2013 Sercan \u015eay taraf\u0131ndan i\u015fletilmektedir. Firmam\u0131z, \u00e7e\u015fitli ama\u00e7larla ki\u015fisel veriler toplayabilir. A\u015fa\u011f\u0131da, toplanan ki\u015fisel verilerin nas\u0131l topland\u0131\u011f\u0131 ve nas\u0131l korundu\u011fu a\u00e7\u0131klanmaktad\u0131r. \u2705 Toplanan Veriler \u00dcyelik olu\u015fturdu\u011funuzda veya \u00e7e\u015fitli form\/anket doldurdu\u011funuzda isim, soy isim, adres, [&hellip;]","og_url":"https:\/\/gitaraksesuar.com\/?page_id=3","og_site_name":"Gitar Aksesuar &ndash; Gitar ve Bas Ekipmanlar\u0131","article_modified_time":"2025-11-07T17:43:28+00:00","twitter_card":"summary_large_image","twitter_misc":{"Tahmini okuma s\u00fcresi":"3 dakika"},"schema":{"@context":"https:\/\/schema.org","@graph":[{"@type":"WebPage","@id":"https:\/\/gitaraksesuar.com\/?page_id=3","url":"https:\/\/gitaraksesuar.com\/?page_id=3","name":"G\u0130ZL\u0130L\u0130K VE G\u00dcVENL\u0130K POL\u0130T\u0130KASI - Gitar Aksesuar &ndash; Gitar ve Bas Ekipmanlar\u0131","isPartOf":{"@id":"http:\/\/gitaraksesuar.com\/#website"},"datePublished":"2025-10-29T21:39:53+00:00","dateModified":"2025-11-07T17:43:28+00:00","breadcrumb":{"@id":"https:\/\/gitaraksesuar.com\/?page_id=3#breadcrumb"},"inLanguage":"tr","potentialAction":[{"@type":"ReadAction","target":["https:\/\/gitaraksesuar.com\/?page_id=3"]}]},{"@type":"BreadcrumbList","@id":"https:\/\/gitaraksesuar.com\/?page_id=3#breadcrumb","itemListElement":[{"@type":"ListItem","position":1,"name":"Anasayfa","item":"http:\/\/gitaraksesuar.com\/"},{"@type":"ListItem","position":2,"name":"G\u0130ZL\u0130L\u0130K VE G\u00dcVENL\u0130K POL\u0130T\u0130KASI"}]},{"@type":"WebSite","@id":"http:\/\/gitaraksesuar.com\/#website","url":"http:\/\/gitaraksesuar.com\/","name":"Gitar Aksesuar &ndash; Gitar ve Bas Ekipmanlar\u0131","description":"Gitar ve bas d&uuml;nyas\u0131n\u0131n g&uuml;venilir al\u0131\u015fveri\u015f noktas\u0131.","publisher":{"@id":"http:\/\/gitaraksesuar.com\/#organization"},"potentialAction":[{"@type":"SearchAction","target":{"@type":"EntryPoint","urlTemplate":"http:\/\/gitaraksesuar.com\/?s={search_term_string}"},"query-input":{"@type":"PropertyValueSpecification","valueRequired":true,"valueName":"search_term_string"}}],"inLanguage":"tr"},{"@type":"Organization","@id":"http:\/\/gitaraksesuar.com\/#organization","name":"Gitar Aksesuar &ndash; Gitar ve Bas Ekipmanlar\u0131","url":"http:\/\/gitaraksesuar.com\/","logo":{"@type":"ImageObject","inLanguage":"tr","@id":"http:\/\/gitaraksesuar.com\/#\/schema\/logo\/image\/","url":"https:\/\/gitaraksesuar.com\/wp-content\/uploads\/2025\/10\/cropped-Gitar-Aksesuar-Logo.png","contentUrl":"https:\/\/gitaraksesuar.com\/wp-content\/uploads\/2025\/10\/cropped-Gitar-Aksesuar-Logo.png","width":1036,"height":243,"caption":"Gitar Aksesuar &ndash; Gitar ve Bas Ekipmanlar\u0131"},"image":{"@id":"http:\/\/gitaraksesuar.com\/#\/schema\/logo\/image\/"}}]}},"uagb_featured_image_src":{"full":false,"thumbnail":false,"medium":false,"medium_large":false,"large":false,"1536x1536":false,"2048x2048":false,"woocommerce_thumbnail":false,"woocommerce_single":false,"woocommerce_gallery_thumbnail":false},"uagb_author_info":{"display_name":"admin","author_link":"https:\/\/gitaraksesuar.com\/?author=1"},"uagb_comment_info":0,"uagb_excerpt":"Racsen M\u00fczik \u2013 Sercan \u015eaygitaraksesuar.com \ud83d\udccc G\u0130ZL\u0130L\u0130K POL\u0130T\u0130KASI Bu internet sitesi ve ma\u011faza hizmetleri, gitaraksesuar.com alan ad\u0131nda faaliyet g\u00f6steren Racsen M\u00fczik \u2013 Sercan \u015eay taraf\u0131ndan i\u015fletilmektedir. Firmam\u0131z, \u00e7e\u015fitli ama\u00e7larla ki\u015fisel veriler toplayabilir. A\u015fa\u011f\u0131da, toplanan ki\u015fisel verilerin nas\u0131l topland\u0131\u011f\u0131 ve nas\u0131l korundu\u011fu a\u00e7\u0131klanmaktad\u0131r. \u2705 Toplanan Veriler \u00dcyelik olu\u015fturdu\u011funuzda veya \u00e7e\u015fitli form\/anket doldurdu\u011funuzda isim, soy isim, adres,&hellip;","jetpack_sharing_enabled":true,"_links":{"self":[{"href":"https:\/\/gitaraksesuar.com\/index.php?rest_route=\/wp\/v2\/pages\/3","targetHints":{"allow":["GET"]}}],"collection":[{"href":"https:\/\/gitaraksesuar.com\/index.php?rest_route=\/wp\/v2\/pages"}],"about":[{"href":"https:\/\/gitaraksesuar.com\/index.php?rest_route=\/wp\/v2\/types\/page"}],"author":[{"embeddable":true,"href":"https:\/\/gitaraksesuar.com\/index.php?rest_route=\/wp\/v2\/users\/1"}],"replies":[{"embeddable":true,"href":"https:\/\/gitaraksesuar.com\/index.php?rest_route=%2Fwp%2Fv2%2Fcomments&post=3"}],"version-history":[{"count":0,"href":"https:\/\/gitaraksesuar.com\/index.php?rest_route=\/wp\/v2\/pages\/3\/revisions"}],"wp:attachment":[{"href":"https:\/\/gitaraksesuar.com\/index.php?rest_route=%2Fwp%2Fv2%2Fmedia&parent=3"}],"curies":[{"name":"wp","href":"https:\/\/api.w.org\/{rel}","templated":true}]}}