{"id":8,"date":"2025-10-29T19:52:54","date_gmt":"2025-10-29T19:52:54","guid":{"rendered":"https:\/\/gitaraksesuar.com\/?page_id=8"},"modified":"2025-10-31T08:01:20","modified_gmt":"2025-10-31T08:01:20","slug":"sepet","status":"publish","type":"page","link":"https:\/\/gitaraksesuar.com\/?page_id=8","title":{"rendered":"Sepet"},"content":{"rendered":"\n<div data-block-name=\"woocommerce\/cart\" class=\"wp-block-woocommerce-cart alignwide is-loading\">\n<div data-block-name=\"woocommerce\/filled-cart-block\" class=\"wp-block-woocommerce-filled-cart-block\">\n<div data-block-name=\"woocommerce\/cart-items-block\" class=\"wp-block-woocommerce-cart-items-block\">\n<div data-block-name=\"woocommerce\/cart-line-items-block\" class=\"wp-block-woocommerce-cart-line-items-block\"><\/div>\n\n\n<\/div>\n\n\n\n\n<div data-block-name=\"woocommerce\/cart-totals-block\" class=\"wp-block-woocommerce-cart-totals-block\">\n<div data-block-name=\"woocommerce\/cart-order-summary-block\" class=\"wp-block-woocommerce-cart-order-summary-block\">\n<div data-block-name=\"woocommerce\/cart-order-summary-heading-block\" class=\"wp-block-woocommerce-cart-order-summary-heading-block\"><\/div><div data-block-name=\"woocommerce\/cart-order-summary-coupon-form-block\" class=\"wp-block-woocommerce-cart-order-summary-coupon-form-block\"><\/div><div data-block-name=\"woocommerce\/cart-order-summary-totals-block\" class=\"wp-block-woocommerce-cart-order-summary-totals-block\">\n<div data-block-name=\"woocommerce\/cart-order-summary-subtotal-block\" class=\"wp-block-woocommerce-cart-order-summary-subtotal-block\"><\/div>\n<div data-block-name=\"woocommerce\/cart-order-summary-discount-block\" class=\"wp-block-woocommerce-cart-order-summary-discount-block\"><\/div>\n<div data-block-name=\"woocommerce\/cart-order-summary-fee-block\" class=\"wp-block-woocommerce-cart-order-summary-fee-block\"><\/div>\n<div data-block-name=\"woocommerce\/cart-order-summary-shipping-block\" class=\"wp-block-woocommerce-cart-order-summary-shipping-block\"><\/div>\n<div data-block-name=\"woocommerce\/cart-order-summary-taxes-block\" class=\"wp-block-woocommerce-cart-order-summary-taxes-block\"><\/div><\/div>\n<\/div>\n\n\n\n<div data-block-name=\"woocommerce\/cart-express-payment-block\" class=\"wp-block-woocommerce-cart-express-payment-block\"><\/div>\n\n\n\n<div data-block-name=\"woocommerce\/proceed-to-checkout-block\" class=\"wp-block-woocommerce-proceed-to-checkout-block\"><\/div>\n\n\n\n<div data-block-name=\"woocommerce\/cart-accepted-payment-methods-block\" class=\"wp-block-woocommerce-cart-accepted-payment-methods-block\"><\/div>\n<\/div>\n<\/div>\n\n\n\n<div data-block-name=\"woocommerce\/empty-cart-block\" class=\"wp-block-woocommerce-empty-cart-block\">\n<h2 class=\"wp-block-heading has-text-align-center with-empty-cart-icon wc-block-cart__empty-cart__title\">Sepetiniz \u015fu anda bo\u015f!<\/h2>\n\n\n\n<hr class=\"wp-block-separator has-alpha-channel-opacity is-style-dots\"\/>\n\n\n\n<h2 class=\"wp-block-heading has-text-align-center\">Ma\u011fazada yeni<\/h2>\n\n\n<div data-block-name=\"woocommerce\/product-new\" data-columns=\"4\" data-rows=\"1\" class=\"wc-block-grid wp-block-product-new wp-block-woocommerce-product-new wc-block-product-new has-4-columns\"><ul class=\"wc-block-grid__products\"><li class=\"wc-block-grid__product\">\n\t\t\t\t<a href=\"https:\/\/gitaraksesuar.com\/?product=ahsap-gitar-duvar-askisi-penna\" class=\"wc-block-grid__product-link\">\n\t\t\t\t\t\n\t\t\t\t\t<div class=\"wc-block-grid__product-image\"><img loading=\"lazy\" decoding=\"async\" width=\"324\" height=\"324\" src=\"https:\/\/gitaraksesuar.com\/wp-content\/uploads\/2026\/04\/DSC00060-324x324.jpg\" class=\"attachment-woocommerce_thumbnail size-woocommerce_thumbnail\" alt=\"Ah\u015fap Gitar Duvar Ask\u0131s\u0131 \u2013 Penna\" srcset=\"https:\/\/gitaraksesuar.com\/wp-content\/uploads\/2026\/04\/DSC00060-324x324.jpg 324w, https:\/\/gitaraksesuar.com\/wp-content\/uploads\/2026\/04\/DSC00060-150x150.jpg 150w, https:\/\/gitaraksesuar.com\/wp-content\/uploads\/2026\/04\/DSC00060-100x100.jpg 100w\" sizes=\"auto, (max-width: 324px) 100vw, 324px\" \/><\/div>\n\t\t\t\t\t<div class=\"wc-block-grid__product-title\">Ah\u015fap Gitar Duvar Ask\u0131s\u0131 \u2013 Penna<\/div>\n\t\t\t\t<\/a>\n\t\t\t\t<div class=\"wc-block-grid__product-price price\"><span class=\"woocommerce-Price-amount amount\">750,00<span class=\"woocommerce-Price-currencySymbol\">&#8378;<\/span><\/span><\/div>\n\t\t\t\t\n\t\t\t\t<div class=\"wp-block-button wc-block-grid__product-add-to-cart\"><a href=\"\/index.php?rest_route=%2Fwp%2Fv2%2Fpages%2F8&#038;add-to-cart=661\" aria-label=\"Sepete ekle: \u201cAh\u015fap Gitar Duvar Ask\u0131s\u0131 \u2013 Penna\u201d\" data-quantity=\"1\" data-product_id=\"661\" data-product_sku=\"\" data-price=\"750\" rel=\"nofollow\" class=\"wp-block-button__link  add_to_cart_button ajax_add_to_cart\">Sepete Ekle<\/a><\/div>\n\t\t\t<\/li><li class=\"wc-block-grid__product\">\n\t\t\t\t<a href=\"https:\/\/gitaraksesuar.com\/?product=washburn-oscar-schmidt-ob40-siyah-bas-gitar\" class=\"wc-block-grid__product-link\">\n\t\t\t\t\t\n\t\t\t\t\t<div class=\"wc-block-grid__product-image\"><img loading=\"lazy\" decoding=\"async\" width=\"324\" height=\"324\" src=\"https:\/\/gitaraksesuar.com\/wp-content\/uploads\/2026\/04\/IMG_20250926_162406-324x324.jpg\" class=\"attachment-woocommerce_thumbnail size-woocommerce_thumbnail\" alt=\"Washburn \/ Oscar Schmidt OB40 \u2013 Siyah Bas Gitar\" srcset=\"https:\/\/gitaraksesuar.com\/wp-content\/uploads\/2026\/04\/IMG_20250926_162406-324x324.jpg 324w, https:\/\/gitaraksesuar.com\/wp-content\/uploads\/2026\/04\/IMG_20250926_162406-150x150.jpg 150w, https:\/\/gitaraksesuar.com\/wp-content\/uploads\/2026\/04\/IMG_20250926_162406-100x100.jpg 100w\" sizes=\"auto, (max-width: 324px) 100vw, 324px\" \/><\/div>\n\t\t\t\t\t<div class=\"wc-block-grid__product-title\">Washburn \/ Oscar Schmidt OB40 \u2013 Siyah Bas Gitar<\/div>\n\t\t\t\t<\/a>\n\t\t\t\t<div class=\"wc-block-grid__product-price price\"><\/div>\n\t\t\t\t\n\t\t\t\t<div class=\"wp-block-button wc-block-grid__product-add-to-cart\"><a href=\"https:\/\/gitaraksesuar.com\/?product=washburn-oscar-schmidt-ob40-siyah-bas-gitar\" aria-label=\"&ldquo;Washburn \/ Oscar Schmidt OB40 \u2013 Siyah Bas Gitar&rdquo; hakk\u0131nda daha fazla bilgi edinin\" data-quantity=\"1\" data-product_id=\"645\" data-product_sku=\"\" data-price=\"0\" rel=\"nofollow\" class=\"wp-block-button__link  add_to_cart_button\">Devam\u0131n\u0131 oku<\/a><\/div>\n\t\t\t<\/li><li class=\"wc-block-grid__product\">\n\t\t\t\t<a href=\"https:\/\/gitaraksesuar.com\/?product=akustik-gitar-kilifi-hafif-dayanikli-ayarlanabilir-askili-on-cepli\" class=\"wc-block-grid__product-link\">\n\t\t\t\t\t\n\t\t\t\t\t<div class=\"wc-block-grid__product-image\"><img loading=\"lazy\" decoding=\"async\" width=\"324\" height=\"324\" src=\"https:\/\/gitaraksesuar.com\/wp-content\/uploads\/2026\/04\/a09ab326-f680-43fc-ba5d-9ed8d2b96ff3-1.avif\" class=\"attachment-woocommerce_thumbnail size-woocommerce_thumbnail\" alt=\"Akustik Gitar K\u0131l\u0131f\u0131 \u2013 Hafif, Dayan\u0131kl\u0131, Ayarlanabilir Ask\u0131l\u0131 (\u00d6n Cepli)\" \/><\/div>\n\t\t\t\t\t<div class=\"wc-block-grid__product-title\">Akustik Gitar K\u0131l\u0131f\u0131 \u2013 Hafif, Dayan\u0131kl\u0131, Ayarlanabilir Ask\u0131l\u0131 (\u00d6n Cepli)<\/div>\n\t\t\t\t<\/a>\n\t\t\t\t<div class=\"wc-block-grid__product-price price\"><span class=\"woocommerce-Price-amount amount\">1.690,00<span class=\"woocommerce-Price-currencySymbol\">&#8378;<\/span><\/span><\/div>\n\t\t\t\t\n\t\t\t\t<div class=\"wp-block-button wc-block-grid__product-add-to-cart\"><a href=\"https:\/\/gitaraksesuar.com\/?product=akustik-gitar-kilifi-hafif-dayanikli-ayarlanabilir-askili-on-cepli\" aria-label=\"&ldquo;Akustik Gitar K\u0131l\u0131f\u0131 \u2013 Hafif, Dayan\u0131kl\u0131, Ayarlanabilir Ask\u0131l\u0131 (\u00d6n Cepli)&rdquo; hakk\u0131nda daha fazla bilgi edinin\" data-quantity=\"1\" data-product_id=\"641\" data-product_sku=\"\" data-price=\"1690\" rel=\"nofollow\" class=\"wp-block-button__link  add_to_cart_button\">Devam\u0131n\u0131 oku<\/a><\/div>\n\t\t\t<\/li><li class=\"wc-block-grid__product\">\n\t\t\t\t<a href=\"https:\/\/gitaraksesuar.com\/?product=pedal-ara-kablosu-30-cm-2li-set-6-35-mm-ts-gitar-efekt-pedal-kablosu\" class=\"wc-block-grid__product-link\">\n\t\t\t\t\t\n\t\t\t\t\t<div class=\"wc-block-grid__product-image\"><img loading=\"lazy\" decoding=\"async\" width=\"324\" height=\"324\" src=\"https:\/\/gitaraksesuar.com\/wp-content\/uploads\/2026\/03\/77103d63-4375-45bf-a234-4e909944a44b-324x324.jpg\" class=\"attachment-woocommerce_thumbnail size-woocommerce_thumbnail\" alt=\"Pedal Ara Kablosu 30 cm \u2013 2\u2019li Set (6.35 mm TS Gitar Efekt Pedal Kablosu)\" srcset=\"https:\/\/gitaraksesuar.com\/wp-content\/uploads\/2026\/03\/77103d63-4375-45bf-a234-4e909944a44b-324x324.jpg 324w, https:\/\/gitaraksesuar.com\/wp-content\/uploads\/2026\/03\/77103d63-4375-45bf-a234-4e909944a44b-300x300.jpg 300w, https:\/\/gitaraksesuar.com\/wp-content\/uploads\/2026\/03\/77103d63-4375-45bf-a234-4e909944a44b-150x150.jpg 150w, https:\/\/gitaraksesuar.com\/wp-content\/uploads\/2026\/03\/77103d63-4375-45bf-a234-4e909944a44b-768x768.jpg 768w, https:\/\/gitaraksesuar.com\/wp-content\/uploads\/2026\/03\/77103d63-4375-45bf-a234-4e909944a44b-416x416.jpg 416w, https:\/\/gitaraksesuar.com\/wp-content\/uploads\/2026\/03\/77103d63-4375-45bf-a234-4e909944a44b-100x100.jpg 100w, https:\/\/gitaraksesuar.com\/wp-content\/uploads\/2026\/03\/77103d63-4375-45bf-a234-4e909944a44b.jpg 800w\" sizes=\"auto, (max-width: 324px) 100vw, 324px\" \/><\/div>\n\t\t\t\t\t<div class=\"wc-block-grid__product-title\">Pedal Ara Kablosu 30 cm \u2013 2\u2019li Set (6.35 mm TS Gitar Efekt Pedal Kablosu)<\/div>\n\t\t\t\t<\/a>\n\t\t\t\t<div class=\"wc-block-grid__product-price price\"><span class=\"woocommerce-Price-amount amount\">480,00<span class=\"woocommerce-Price-currencySymbol\">&#8378;<\/span><\/span><\/div>\n\t\t\t\t\n\t\t\t\t<div class=\"wp-block-button wc-block-grid__product-add-to-cart\"><a href=\"\/index.php?rest_route=%2Fwp%2Fv2%2Fpages%2F8&#038;add-to-cart=610\" aria-label=\"Sepete ekle: \u201cPedal Ara Kablosu 30 cm \u2013 2\u2019li Set (6.35 mm TS Gitar Efekt Pedal Kablosu)\u201d\" data-quantity=\"1\" data-product_id=\"610\" data-product_sku=\"\" data-price=\"480\" rel=\"nofollow\" class=\"wp-block-button__link  add_to_cart_button ajax_add_to_cart\">Sepete Ekle<\/a><\/div>\n\t\t\t<\/li><\/ul><\/div><\/div>\n<\/div>\n","protected":false},"excerpt":{"rendered":"","protected":false},"author":1,"featured_media":0,"parent":0,"menu_order":0,"comment_status":"closed","ping_status":"closed","template":"template-fullwidth.php","meta":{"_acf_changed":false,"_uag_custom_page_level_css":"","footnotes":""},"class_list":["post-8","page","type-page","status-publish","hentry"],"acf":[],"yoast_head":"<!-- This site is optimized with the Yoast SEO plugin v27.5 - https:\/\/yoast.com\/product\/yoast-seo-wordpress\/ -->\n<title>Sepet - Gitar Aksesuar &ndash; Gitar ve Bas Ekipmanlar\u0131<\/title>\n<meta name=\"robots\" content=\"index, follow, max-snippet:-1, max-image-preview:large, max-video-preview:-1\" \/>\n<link rel=\"canonical\" href=\"https:\/\/gitaraksesuar.com\/?page_id=8\" \/>\n<meta property=\"og:locale\" content=\"tr_TR\" \/>\n<meta property=\"og:type\" content=\"article\" \/>\n<meta property=\"og:title\" content=\"Sepet - Gitar Aksesuar &ndash; Gitar ve Bas Ekipmanlar\u0131\" \/>\n<meta property=\"og:url\" content=\"https:\/\/gitaraksesuar.com\/?page_id=8\" \/>\n<meta property=\"og:site_name\" content=\"Gitar Aksesuar &ndash; Gitar ve Bas Ekipmanlar\u0131\" \/>\n<meta property=\"article:modified_time\" content=\"2025-10-31T08:01:20+00:00\" \/>\n<meta name=\"twitter:card\" content=\"summary_large_image\" \/>\n<script type=\"application\/ld+json\" class=\"yoast-schema-graph\">{\"@context\":\"https:\\\/\\\/schema.org\",\"@graph\":[{\"@type\":\"WebPage\",\"@id\":\"https:\\\/\\\/gitaraksesuar.com\\\/?page_id=8\",\"url\":\"https:\\\/\\\/gitaraksesuar.com\\\/?page_id=8\",\"name\":\"Sepet - Gitar Aksesuar &ndash; Gitar ve Bas Ekipmanlar\u0131\",\"isPartOf\":{\"@id\":\"http:\\\/\\\/gitaraksesuar.com\\\/#website\"},\"datePublished\":\"2025-10-29T19:52:54+00:00\",\"dateModified\":\"2025-10-31T08:01:20+00:00\",\"breadcrumb\":{\"@id\":\"https:\\\/\\\/gitaraksesuar.com\\\/?page_id=8#breadcrumb\"},\"inLanguage\":\"tr\",\"potentialAction\":[{\"@type\":\"ReadAction\",\"target\":[\"https:\\\/\\\/gitaraksesuar.com\\\/?page_id=8\"]}]},{\"@type\":\"BreadcrumbList\",\"@id\":\"https:\\\/\\\/gitaraksesuar.com\\\/?page_id=8#breadcrumb\",\"itemListElement\":[{\"@type\":\"ListItem\",\"position\":1,\"name\":\"Anasayfa\",\"item\":\"http:\\\/\\\/gitaraksesuar.com\\\/\"},{\"@type\":\"ListItem\",\"position\":2,\"name\":\"Sepet\"}]},{\"@type\":\"WebSite\",\"@id\":\"http:\\\/\\\/gitaraksesuar.com\\\/#website\",\"url\":\"http:\\\/\\\/gitaraksesuar.com\\\/\",\"name\":\"Gitar Aksesuar &ndash; Gitar ve Bas Ekipmanlar\u0131\",\"description\":\"Gitar ve bas d&uuml;nyas\u0131n\u0131n g&uuml;venilir al\u0131\u015fveri\u015f noktas\u0131.\",\"publisher\":{\"@id\":\"http:\\\/\\\/gitaraksesuar.com\\\/#organization\"},\"potentialAction\":[{\"@type\":\"SearchAction\",\"target\":{\"@type\":\"EntryPoint\",\"urlTemplate\":\"http:\\\/\\\/gitaraksesuar.com\\\/?s={search_term_string}\"},\"query-input\":{\"@type\":\"PropertyValueSpecification\",\"valueRequired\":true,\"valueName\":\"search_term_string\"}}],\"inLanguage\":\"tr\"},{\"@type\":\"Organization\",\"@id\":\"http:\\\/\\\/gitaraksesuar.com\\\/#organization\",\"name\":\"Gitar Aksesuar &ndash; Gitar ve Bas Ekipmanlar\u0131\",\"url\":\"http:\\\/\\\/gitaraksesuar.com\\\/\",\"logo\":{\"@type\":\"ImageObject\",\"inLanguage\":\"tr\",\"@id\":\"http:\\\/\\\/gitaraksesuar.com\\\/#\\\/schema\\\/logo\\\/image\\\/\",\"url\":\"https:\\\/\\\/gitaraksesuar.com\\\/wp-content\\\/uploads\\\/2025\\\/10\\\/cropped-Gitar-Aksesuar-Logo.png\",\"contentUrl\":\"https:\\\/\\\/gitaraksesuar.com\\\/wp-content\\\/uploads\\\/2025\\\/10\\\/cropped-Gitar-Aksesuar-Logo.png\",\"width\":1036,\"height\":243,\"caption\":\"Gitar Aksesuar &ndash; Gitar ve Bas Ekipmanlar\u0131\"},\"image\":{\"@id\":\"http:\\\/\\\/gitaraksesuar.com\\\/#\\\/schema\\\/logo\\\/image\\\/\"}}]}<\/script>\n<!-- \/ Yoast SEO plugin. -->","yoast_head_json":{"title":"Sepet - Gitar Aksesuar &ndash; Gitar ve Bas Ekipmanlar\u0131","robots":{"index":"index","follow":"follow","max-snippet":"max-snippet:-1","max-image-preview":"max-image-preview:large","max-video-preview":"max-video-preview:-1"},"canonical":"https:\/\/gitaraksesuar.com\/?page_id=8","og_locale":"tr_TR","og_type":"article","og_title":"Sepet - Gitar Aksesuar &ndash; Gitar ve Bas Ekipmanlar\u0131","og_url":"https:\/\/gitaraksesuar.com\/?page_id=8","og_site_name":"Gitar Aksesuar &ndash; Gitar ve Bas Ekipmanlar\u0131","article_modified_time":"2025-10-31T08:01:20+00:00","twitter_card":"summary_large_image","schema":{"@context":"https:\/\/schema.org","@graph":[{"@type":"WebPage","@id":"https:\/\/gitaraksesuar.com\/?page_id=8","url":"https:\/\/gitaraksesuar.com\/?page_id=8","name":"Sepet - Gitar Aksesuar &ndash; Gitar ve Bas Ekipmanlar\u0131","isPartOf":{"@id":"http:\/\/gitaraksesuar.com\/#website"},"datePublished":"2025-10-29T19:52:54+00:00","dateModified":"2025-10-31T08:01:20+00:00","breadcrumb":{"@id":"https:\/\/gitaraksesuar.com\/?page_id=8#breadcrumb"},"inLanguage":"tr","potentialAction":[{"@type":"ReadAction","target":["https:\/\/gitaraksesuar.com\/?page_id=8"]}]},{"@type":"BreadcrumbList","@id":"https:\/\/gitaraksesuar.com\/?page_id=8#breadcrumb","itemListElement":[{"@type":"ListItem","position":1,"name":"Anasayfa","item":"http:\/\/gitaraksesuar.com\/"},{"@type":"ListItem","position":2,"name":"Sepet"}]},{"@type":"WebSite","@id":"http:\/\/gitaraksesuar.com\/#website","url":"http:\/\/gitaraksesuar.com\/","name":"Gitar Aksesuar &ndash; Gitar ve Bas Ekipmanlar\u0131","description":"Gitar ve bas d&uuml;nyas\u0131n\u0131n g&uuml;venilir al\u0131\u015fveri\u015f noktas\u0131.","publisher":{"@id":"http:\/\/gitaraksesuar.com\/#organization"},"potentialAction":[{"@type":"SearchAction","target":{"@type":"EntryPoint","urlTemplate":"http:\/\/gitaraksesuar.com\/?s={search_term_string}"},"query-input":{"@type":"PropertyValueSpecification","valueRequired":true,"valueName":"search_term_string"}}],"inLanguage":"tr"},{"@type":"Organization","@id":"http:\/\/gitaraksesuar.com\/#organization","name":"Gitar Aksesuar &ndash; Gitar ve Bas Ekipmanlar\u0131","url":"http:\/\/gitaraksesuar.com\/","logo":{"@type":"ImageObject","inLanguage":"tr","@id":"http:\/\/gitaraksesuar.com\/#\/schema\/logo\/image\/","url":"https:\/\/gitaraksesuar.com\/wp-content\/uploads\/2025\/10\/cropped-Gitar-Aksesuar-Logo.png","contentUrl":"https:\/\/gitaraksesuar.com\/wp-content\/uploads\/2025\/10\/cropped-Gitar-Aksesuar-Logo.png","width":1036,"height":243,"caption":"Gitar Aksesuar &ndash; Gitar ve Bas Ekipmanlar\u0131"},"image":{"@id":"http:\/\/gitaraksesuar.com\/#\/schema\/logo\/image\/"}}]}},"uagb_featured_image_src":{"full":false,"thumbnail":false,"medium":false,"medium_large":false,"large":false,"1536x1536":false,"2048x2048":false,"woocommerce_thumbnail":false,"woocommerce_single":false,"woocommerce_gallery_thumbnail":false},"uagb_author_info":{"display_name":"admin","author_link":"https:\/\/gitaraksesuar.com\/?author=1"},"uagb_comment_info":0,"uagb_excerpt":null,"jetpack_sharing_enabled":true,"_links":{"self":[{"href":"https:\/\/gitaraksesuar.com\/index.php?rest_route=\/wp\/v2\/pages\/8","targetHints":{"allow":["GET"]}}],"collection":[{"href":"https:\/\/gitaraksesuar.com\/index.php?rest_route=\/wp\/v2\/pages"}],"about":[{"href":"https:\/\/gitaraksesuar.com\/index.php?rest_route=\/wp\/v2\/types\/page"}],"author":[{"embeddable":true,"href":"https:\/\/gitaraksesuar.com\/index.php?rest_route=\/wp\/v2\/users\/1"}],"replies":[{"embeddable":true,"href":"https:\/\/gitaraksesuar.com\/index.php?rest_route=%2Fwp%2Fv2%2Fcomments&post=8"}],"version-history":[{"count":0,"href":"https:\/\/gitaraksesuar.com\/index.php?rest_route=\/wp\/v2\/pages\/8\/revisions"}],"wp:attachment":[{"href":"https:\/\/gitaraksesuar.com\/index.php?rest_route=%2Fwp%2Fv2%2Fmedia&parent=8"}],"curies":[{"name":"wp","href":"https:\/\/api.w.org\/{rel}","templated":true}]}}