{"id":499,"date":"2026-02-22T14:55:05","date_gmt":"2026-02-22T14:55:05","guid":{"rendered":"https:\/\/gitaraksesuar.com\/?post_type=product&#038;p=499"},"modified":"2026-04-12T07:38:19","modified_gmt":"2026-04-12T07:38:19","slug":"ahsap-gitar-volume-potbasi-gul-agaci-rosewood-potans-dugmesi-6mm","status":"publish","type":"product","link":"https:\/\/gitaraksesuar.com\/?product=ahsap-gitar-volume-potbasi-gul-agaci-rosewood-potans-dugmesi-6mm","title":{"rendered":"Ah\u015fap Gitar Volume Potba\u015f\u0131 \u2013 G\u00fcl A\u011fac\u0131 (Rosewood) Potans D\u00fc\u011fmesi 6mm"},"content":{"rendered":"<p data-start=\"409\" data-end=\"615\">Do\u011fal <strong data-start=\"415\" data-end=\"439\">g\u00fcl a\u011fac\u0131 (rosewood)<\/strong> malzemeden \u00fcretilmi\u015f bu ah\u015fap gitar volume d\u00fc\u011fmesi, gitar\u0131n\u0131za s\u0131cak ve vintage bir g\u00f6r\u00fcn\u00fcm kazand\u0131r\u0131r. \u00dczerindeki noktal\u0131 g\u00f6sterge i\u015fareti sayesinde pozisyon takibi kolayd\u0131r.<\/p>\n<p data-start=\"617\" data-end=\"680\">6 mm i\u00e7 \u00e7ap\u0131 sayesinde \u00e7o\u011fu standart potans mili ile uyumludur.<\/p>\n<p data-start=\"682\" data-end=\"746\">\u26a0\ufe0f \u00dcr\u00fcn tekli sat\u0131lmaktad\u0131r.<br data-start=\"710\" data-end=\"713\" \/>\u26a0\ufe0f Alyan anahtar\u0131 dahil de\u011fildir.<\/p>\n<h3 data-start=\"748\" data-end=\"763\">\u00d6zellikler:<\/h3>\n<ul data-start=\"764\" data-end=\"881\">\n<li data-start=\"764\" data-end=\"788\">\n<p data-start=\"766\" data-end=\"788\">Do\u011fal rosewood ah\u015fap<\/p>\n<\/li>\n<li data-start=\"789\" data-end=\"804\">\n<p data-start=\"791\" data-end=\"804\">6 mm i\u00e7 \u00e7ap<\/p>\n<\/li>\n<li data-start=\"805\" data-end=\"833\">\n<p data-start=\"807\" data-end=\"833\">Noktal\u0131 g\u00f6sterge tasar\u0131m<\/p>\n<\/li>\n<li data-start=\"834\" data-end=\"849\">\n<p data-start=\"836\" data-end=\"849\">Tekli sat\u0131\u015f<\/p>\n<\/li>\n<li data-start=\"850\" data-end=\"881\">\n<p data-start=\"852\" data-end=\"881\">Elektro ve bas gitar uyumlu<\/p>\n<\/li>\n<\/ul>\n","protected":false},"excerpt":{"rendered":"<p data-start=\"262\" data-end=\"348\">G\u00fcl a\u011fac\u0131ndan \u00fcretilmi\u015f ah\u015fap gitar volume knob. 6 mm potans mili uyumlu. Tekli sat\u0131\u015f.<\/p>\n","protected":false},"featured_media":502,"comment_status":"open","ping_status":"closed","template":"","meta":{"_acf_changed":false,"_uag_custom_page_level_css":""},"product_brand":[21],"product_cat":[101],"product_tag":[286,242,239,271,274,270,287,288],"class_list":{"0":"post-499","1":"product","2":"type-product","3":"status-publish","4":"has-post-thumbnail","6":"product_brand-racsen","7":"product_cat-gitar-metal-aksamlar","8":"product_tag-ahsapgitarknob","9":"product_tag-basgitar","10":"product_tag-gitaraksesuarlari","11":"product_tag-gitarknob","12":"product_tag-gitarmod","13":"product_tag-gitarpotansi","14":"product_tag-rosewood","15":"product_tag-vintagegitar","17":"first","18":"instock","19":"taxable","20":"shipping-taxable","21":"purchasable","22":"product-type-simple"},"acf":[],"yoast_head":"<!-- This site is optimized with the Yoast SEO plugin v27.5 - https:\/\/yoast.com\/product\/yoast-seo-wordpress\/ -->\n<title>Ah\u015fap Gitar Volume Potba\u015f\u0131 \u2013 G\u00fcl A\u011fac\u0131 (Rosewood) Potans D\u00fc\u011fmesi 6mm - Gitar Aksesuar &ndash; Gitar ve Bas Ekipmanlar\u0131<\/title>\n<meta name=\"description\" content=\"Rosewood ah\u015fap gitar pot ba\u015f\u0131. 6 mm potans mili uyumlu, vintage g\u00f6r\u00fcn\u00fcml\u00fc potans d\u00fc\u011fmesi. Tekli sat\u0131\u015f, alyan dahil de\u011fildir.\" \/>\n<meta name=\"robots\" content=\"index, follow, max-snippet:-1, max-image-preview:large, max-video-preview:-1\" \/>\n<link rel=\"canonical\" href=\"https:\/\/gitaraksesuar.com\/?product=ahsap-gitar-volume-potbasi-gul-agaci-rosewood-potans-dugmesi-6mm\" \/>\n<meta property=\"og:locale\" content=\"tr_TR\" \/>\n<meta property=\"og:type\" content=\"article\" \/>\n<meta property=\"og:title\" content=\"Ah\u015fap Gitar Volume Potba\u015f\u0131 \u2013 G\u00fcl A\u011fac\u0131 (Rosewood) Potans D\u00fc\u011fmesi 6mm - Gitar Aksesuar &ndash; Gitar ve Bas Ekipmanlar\u0131\" \/>\n<meta property=\"og:description\" content=\"Rosewood ah\u015fap gitar pot ba\u015f\u0131. 6 mm potans mili uyumlu, vintage g\u00f6r\u00fcn\u00fcml\u00fc potans d\u00fc\u011fmesi. Tekli sat\u0131\u015f, alyan dahil de\u011fildir.\" \/>\n<meta property=\"og:url\" content=\"https:\/\/gitaraksesuar.com\/?product=ahsap-gitar-volume-potbasi-gul-agaci-rosewood-potans-dugmesi-6mm\" \/>\n<meta property=\"og:site_name\" content=\"Gitar Aksesuar &ndash; Gitar ve Bas Ekipmanlar\u0131\" \/>\n<meta property=\"article:modified_time\" content=\"2026-04-12T07:38:19+00:00\" \/>\n<meta property=\"og:image\" content=\"https:\/\/gitaraksesuar.com\/wp-content\/uploads\/2026\/02\/e0fc34b3-8262-4c52-9954-b4b155fe9cf6.jpg\" \/>\n\t<meta property=\"og:image:width\" content=\"800\" \/>\n\t<meta property=\"og:image:height\" content=\"800\" \/>\n\t<meta property=\"og:image:type\" content=\"image\/jpeg\" \/>\n<meta name=\"twitter:card\" content=\"summary_large_image\" \/>\n<meta name=\"twitter:label1\" content=\"Tahmini okuma s\u00fcresi\" \/>\n\t<meta name=\"twitter:data1\" content=\"1 dakika\" \/>\n<script type=\"application\/ld+json\" class=\"yoast-schema-graph\">{\"@context\":\"https:\\\/\\\/schema.org\",\"@graph\":[{\"@type\":\"WebPage\",\"@id\":\"https:\\\/\\\/gitaraksesuar.com\\\/?product=ahsap-gitar-volume-potbasi-gul-agaci-rosewood-potans-dugmesi-6mm\",\"url\":\"https:\\\/\\\/gitaraksesuar.com\\\/?product=ahsap-gitar-volume-potbasi-gul-agaci-rosewood-potans-dugmesi-6mm\",\"name\":\"Ah\u015fap Gitar Volume Potba\u015f\u0131 \u2013 G\u00fcl A\u011fac\u0131 (Rosewood) Potans D\u00fc\u011fmesi 6mm - Gitar Aksesuar &ndash; Gitar ve Bas Ekipmanlar\u0131\",\"isPartOf\":{\"@id\":\"http:\\\/\\\/gitaraksesuar.com\\\/#website\"},\"primaryImageOfPage\":{\"@id\":\"https:\\\/\\\/gitaraksesuar.com\\\/?product=ahsap-gitar-volume-potbasi-gul-agaci-rosewood-potans-dugmesi-6mm#primaryimage\"},\"image\":{\"@id\":\"https:\\\/\\\/gitaraksesuar.com\\\/?product=ahsap-gitar-volume-potbasi-gul-agaci-rosewood-potans-dugmesi-6mm#primaryimage\"},\"thumbnailUrl\":\"https:\\\/\\\/gitaraksesuar.com\\\/wp-content\\\/uploads\\\/2026\\\/02\\\/e0fc34b3-8262-4c52-9954-b4b155fe9cf6.jpg\",\"datePublished\":\"2026-02-22T14:55:05+00:00\",\"dateModified\":\"2026-04-12T07:38:19+00:00\",\"description\":\"Rosewood ah\u015fap gitar pot ba\u015f\u0131. 6 mm potans mili uyumlu, vintage g\u00f6r\u00fcn\u00fcml\u00fc potans d\u00fc\u011fmesi. Tekli sat\u0131\u015f, alyan dahil de\u011fildir.\",\"breadcrumb\":{\"@id\":\"https:\\\/\\\/gitaraksesuar.com\\\/?product=ahsap-gitar-volume-potbasi-gul-agaci-rosewood-potans-dugmesi-6mm#breadcrumb\"},\"inLanguage\":\"tr\",\"potentialAction\":[{\"@type\":\"ReadAction\",\"target\":[\"https:\\\/\\\/gitaraksesuar.com\\\/?product=ahsap-gitar-volume-potbasi-gul-agaci-rosewood-potans-dugmesi-6mm\"]}]},{\"@type\":\"ImageObject\",\"inLanguage\":\"tr\",\"@id\":\"https:\\\/\\\/gitaraksesuar.com\\\/?product=ahsap-gitar-volume-potbasi-gul-agaci-rosewood-potans-dugmesi-6mm#primaryimage\",\"url\":\"https:\\\/\\\/gitaraksesuar.com\\\/wp-content\\\/uploads\\\/2026\\\/02\\\/e0fc34b3-8262-4c52-9954-b4b155fe9cf6.jpg\",\"contentUrl\":\"https:\\\/\\\/gitaraksesuar.com\\\/wp-content\\\/uploads\\\/2026\\\/02\\\/e0fc34b3-8262-4c52-9954-b4b155fe9cf6.jpg\",\"width\":800,\"height\":800},{\"@type\":\"BreadcrumbList\",\"@id\":\"https:\\\/\\\/gitaraksesuar.com\\\/?product=ahsap-gitar-volume-potbasi-gul-agaci-rosewood-potans-dugmesi-6mm#breadcrumb\",\"itemListElement\":[{\"@type\":\"ListItem\",\"position\":1,\"name\":\"Anasayfa\",\"item\":\"http:\\\/\\\/gitaraksesuar.com\\\/\"},{\"@type\":\"ListItem\",\"position\":2,\"name\":\"Ma\u011faza\",\"item\":\"http:\\\/\\\/gitaraksesuar.com\\\/?page_id=7\"},{\"@type\":\"ListItem\",\"position\":3,\"name\":\"Ah\u015fap Gitar Volume Potba\u015f\u0131 \u2013 G\u00fcl A\u011fac\u0131 (Rosewood) Potans D\u00fc\u011fmesi 6mm\"}]},{\"@type\":\"WebSite\",\"@id\":\"http:\\\/\\\/gitaraksesuar.com\\\/#website\",\"url\":\"http:\\\/\\\/gitaraksesuar.com\\\/\",\"name\":\"Gitar Aksesuar &ndash; Gitar ve Bas Ekipmanlar\u0131\",\"description\":\"Gitar ve bas d&uuml;nyas\u0131n\u0131n g&uuml;venilir al\u0131\u015fveri\u015f noktas\u0131.\",\"publisher\":{\"@id\":\"http:\\\/\\\/gitaraksesuar.com\\\/#organization\"},\"potentialAction\":[{\"@type\":\"SearchAction\",\"target\":{\"@type\":\"EntryPoint\",\"urlTemplate\":\"http:\\\/\\\/gitaraksesuar.com\\\/?s={search_term_string}\"},\"query-input\":{\"@type\":\"PropertyValueSpecification\",\"valueRequired\":true,\"valueName\":\"search_term_string\"}}],\"inLanguage\":\"tr\"},{\"@type\":\"Organization\",\"@id\":\"http:\\\/\\\/gitaraksesuar.com\\\/#organization\",\"name\":\"Gitar Aksesuar &ndash; Gitar ve Bas Ekipmanlar\u0131\",\"url\":\"http:\\\/\\\/gitaraksesuar.com\\\/\",\"logo\":{\"@type\":\"ImageObject\",\"inLanguage\":\"tr\",\"@id\":\"http:\\\/\\\/gitaraksesuar.com\\\/#\\\/schema\\\/logo\\\/image\\\/\",\"url\":\"https:\\\/\\\/gitaraksesuar.com\\\/wp-content\\\/uploads\\\/2025\\\/10\\\/cropped-Gitar-Aksesuar-Logo.png\",\"contentUrl\":\"https:\\\/\\\/gitaraksesuar.com\\\/wp-content\\\/uploads\\\/2025\\\/10\\\/cropped-Gitar-Aksesuar-Logo.png\",\"width\":1036,\"height\":243,\"caption\":\"Gitar Aksesuar &ndash; Gitar ve Bas Ekipmanlar\u0131\"},\"image\":{\"@id\":\"http:\\\/\\\/gitaraksesuar.com\\\/#\\\/schema\\\/logo\\\/image\\\/\"}}]}<\/script>\n<!-- \/ Yoast SEO plugin. -->","yoast_head_json":{"title":"Ah\u015fap Gitar Volume Potba\u015f\u0131 \u2013 G\u00fcl A\u011fac\u0131 (Rosewood) Potans D\u00fc\u011fmesi 6mm - Gitar Aksesuar &ndash; Gitar ve Bas Ekipmanlar\u0131","description":"Rosewood ah\u015fap gitar pot ba\u015f\u0131. 6 mm potans mili uyumlu, vintage g\u00f6r\u00fcn\u00fcml\u00fc potans d\u00fc\u011fmesi. Tekli sat\u0131\u015f, alyan dahil de\u011fildir.","robots":{"index":"index","follow":"follow","max-snippet":"max-snippet:-1","max-image-preview":"max-image-preview:large","max-video-preview":"max-video-preview:-1"},"canonical":"https:\/\/gitaraksesuar.com\/?product=ahsap-gitar-volume-potbasi-gul-agaci-rosewood-potans-dugmesi-6mm","og_locale":"tr_TR","og_type":"article","og_title":"Ah\u015fap Gitar Volume Potba\u015f\u0131 \u2013 G\u00fcl A\u011fac\u0131 (Rosewood) Potans D\u00fc\u011fmesi 6mm - Gitar Aksesuar &ndash; Gitar ve Bas Ekipmanlar\u0131","og_description":"Rosewood ah\u015fap gitar pot ba\u015f\u0131. 6 mm potans mili uyumlu, vintage g\u00f6r\u00fcn\u00fcml\u00fc potans d\u00fc\u011fmesi. Tekli sat\u0131\u015f, alyan dahil de\u011fildir.","og_url":"https:\/\/gitaraksesuar.com\/?product=ahsap-gitar-volume-potbasi-gul-agaci-rosewood-potans-dugmesi-6mm","og_site_name":"Gitar Aksesuar &ndash; Gitar ve Bas Ekipmanlar\u0131","article_modified_time":"2026-04-12T07:38:19+00:00","og_image":[{"width":800,"height":800,"url":"https:\/\/gitaraksesuar.com\/wp-content\/uploads\/2026\/02\/e0fc34b3-8262-4c52-9954-b4b155fe9cf6.jpg","type":"image\/jpeg"}],"twitter_card":"summary_large_image","twitter_misc":{"Tahmini okuma s\u00fcresi":"1 dakika"},"schema":{"@context":"https:\/\/schema.org","@graph":[{"@type":"WebPage","@id":"https:\/\/gitaraksesuar.com\/?product=ahsap-gitar-volume-potbasi-gul-agaci-rosewood-potans-dugmesi-6mm","url":"https:\/\/gitaraksesuar.com\/?product=ahsap-gitar-volume-potbasi-gul-agaci-rosewood-potans-dugmesi-6mm","name":"Ah\u015fap Gitar Volume Potba\u015f\u0131 \u2013 G\u00fcl A\u011fac\u0131 (Rosewood) Potans D\u00fc\u011fmesi 6mm - Gitar Aksesuar &ndash; Gitar ve Bas Ekipmanlar\u0131","isPartOf":{"@id":"http:\/\/gitaraksesuar.com\/#website"},"primaryImageOfPage":{"@id":"https:\/\/gitaraksesuar.com\/?product=ahsap-gitar-volume-potbasi-gul-agaci-rosewood-potans-dugmesi-6mm#primaryimage"},"image":{"@id":"https:\/\/gitaraksesuar.com\/?product=ahsap-gitar-volume-potbasi-gul-agaci-rosewood-potans-dugmesi-6mm#primaryimage"},"thumbnailUrl":"https:\/\/gitaraksesuar.com\/wp-content\/uploads\/2026\/02\/e0fc34b3-8262-4c52-9954-b4b155fe9cf6.jpg","datePublished":"2026-02-22T14:55:05+00:00","dateModified":"2026-04-12T07:38:19+00:00","description":"Rosewood ah\u015fap gitar pot ba\u015f\u0131. 6 mm potans mili uyumlu, vintage g\u00f6r\u00fcn\u00fcml\u00fc potans d\u00fc\u011fmesi. Tekli sat\u0131\u015f, alyan dahil de\u011fildir.","breadcrumb":{"@id":"https:\/\/gitaraksesuar.com\/?product=ahsap-gitar-volume-potbasi-gul-agaci-rosewood-potans-dugmesi-6mm#breadcrumb"},"inLanguage":"tr","potentialAction":[{"@type":"ReadAction","target":["https:\/\/gitaraksesuar.com\/?product=ahsap-gitar-volume-potbasi-gul-agaci-rosewood-potans-dugmesi-6mm"]}]},{"@type":"ImageObject","inLanguage":"tr","@id":"https:\/\/gitaraksesuar.com\/?product=ahsap-gitar-volume-potbasi-gul-agaci-rosewood-potans-dugmesi-6mm#primaryimage","url":"https:\/\/gitaraksesuar.com\/wp-content\/uploads\/2026\/02\/e0fc34b3-8262-4c52-9954-b4b155fe9cf6.jpg","contentUrl":"https:\/\/gitaraksesuar.com\/wp-content\/uploads\/2026\/02\/e0fc34b3-8262-4c52-9954-b4b155fe9cf6.jpg","width":800,"height":800},{"@type":"BreadcrumbList","@id":"https:\/\/gitaraksesuar.com\/?product=ahsap-gitar-volume-potbasi-gul-agaci-rosewood-potans-dugmesi-6mm#breadcrumb","itemListElement":[{"@type":"ListItem","position":1,"name":"Anasayfa","item":"http:\/\/gitaraksesuar.com\/"},{"@type":"ListItem","position":2,"name":"Ma\u011faza","item":"http:\/\/gitaraksesuar.com\/?page_id=7"},{"@type":"ListItem","position":3,"name":"Ah\u015fap Gitar Volume Potba\u015f\u0131 \u2013 G\u00fcl A\u011fac\u0131 (Rosewood) Potans D\u00fc\u011fmesi 6mm"}]},{"@type":"WebSite","@id":"http:\/\/gitaraksesuar.com\/#website","url":"http:\/\/gitaraksesuar.com\/","name":"Gitar Aksesuar &ndash; Gitar ve Bas Ekipmanlar\u0131","description":"Gitar ve bas d&uuml;nyas\u0131n\u0131n g&uuml;venilir al\u0131\u015fveri\u015f noktas\u0131.","publisher":{"@id":"http:\/\/gitaraksesuar.com\/#organization"},"potentialAction":[{"@type":"SearchAction","target":{"@type":"EntryPoint","urlTemplate":"http:\/\/gitaraksesuar.com\/?s={search_term_string}"},"query-input":{"@type":"PropertyValueSpecification","valueRequired":true,"valueName":"search_term_string"}}],"inLanguage":"tr"},{"@type":"Organization","@id":"http:\/\/gitaraksesuar.com\/#organization","name":"Gitar Aksesuar &ndash; Gitar ve Bas Ekipmanlar\u0131","url":"http:\/\/gitaraksesuar.com\/","logo":{"@type":"ImageObject","inLanguage":"tr","@id":"http:\/\/gitaraksesuar.com\/#\/schema\/logo\/image\/","url":"https:\/\/gitaraksesuar.com\/wp-content\/uploads\/2025\/10\/cropped-Gitar-Aksesuar-Logo.png","contentUrl":"https:\/\/gitaraksesuar.com\/wp-content\/uploads\/2025\/10\/cropped-Gitar-Aksesuar-Logo.png","width":1036,"height":243,"caption":"Gitar Aksesuar &ndash; Gitar ve Bas Ekipmanlar\u0131"},"image":{"@id":"http:\/\/gitaraksesuar.com\/#\/schema\/logo\/image\/"}}]}},"uagb_featured_image_src":{"full":["https:\/\/gitaraksesuar.com\/wp-content\/uploads\/2026\/02\/e0fc34b3-8262-4c52-9954-b4b155fe9cf6.jpg",800,800,false],"thumbnail":["https:\/\/gitaraksesuar.com\/wp-content\/uploads\/2026\/02\/e0fc34b3-8262-4c52-9954-b4b155fe9cf6-150x150.jpg",150,150,true],"medium":["https:\/\/gitaraksesuar.com\/wp-content\/uploads\/2026\/02\/e0fc34b3-8262-4c52-9954-b4b155fe9cf6-300x300.jpg",300,300,true],"medium_large":["https:\/\/gitaraksesuar.com\/wp-content\/uploads\/2026\/02\/e0fc34b3-8262-4c52-9954-b4b155fe9cf6-768x768.jpg",768,768,true],"large":["https:\/\/gitaraksesuar.com\/wp-content\/uploads\/2026\/02\/e0fc34b3-8262-4c52-9954-b4b155fe9cf6.jpg",800,800,false],"1536x1536":["https:\/\/gitaraksesuar.com\/wp-content\/uploads\/2026\/02\/e0fc34b3-8262-4c52-9954-b4b155fe9cf6.jpg",800,800,false],"2048x2048":["https:\/\/gitaraksesuar.com\/wp-content\/uploads\/2026\/02\/e0fc34b3-8262-4c52-9954-b4b155fe9cf6.jpg",800,800,false],"woocommerce_thumbnail":["https:\/\/gitaraksesuar.com\/wp-content\/uploads\/2026\/02\/e0fc34b3-8262-4c52-9954-b4b155fe9cf6-324x324.jpg",324,324,true],"woocommerce_single":["https:\/\/gitaraksesuar.com\/wp-content\/uploads\/2026\/02\/e0fc34b3-8262-4c52-9954-b4b155fe9cf6-416x416.jpg",416,416,true],"woocommerce_gallery_thumbnail":["https:\/\/gitaraksesuar.com\/wp-content\/uploads\/2026\/02\/e0fc34b3-8262-4c52-9954-b4b155fe9cf6-100x100.jpg",100,100,true]},"uagb_author_info":{"display_name":"admin","author_link":"https:\/\/gitaraksesuar.com\/?author=0"},"uagb_comment_info":0,"uagb_excerpt":"G\u00fcl a\u011fac\u0131ndan \u00fcretilmi\u015f ah\u015fap gitar volume knob. 6 mm potans mili uyumlu. Tekli sat\u0131\u015f.","jetpack_sharing_enabled":true,"_links":{"self":[{"href":"https:\/\/gitaraksesuar.com\/index.php?rest_route=\/wp\/v2\/product\/499","targetHints":{"allow":["GET"]}}],"collection":[{"href":"https:\/\/gitaraksesuar.com\/index.php?rest_route=\/wp\/v2\/product"}],"about":[{"href":"https:\/\/gitaraksesuar.com\/index.php?rest_route=\/wp\/v2\/types\/product"}],"replies":[{"embeddable":true,"href":"https:\/\/gitaraksesuar.com\/index.php?rest_route=%2Fwp%2Fv2%2Fcomments&post=499"}],"wp:featuredmedia":[{"embeddable":true,"href":"https:\/\/gitaraksesuar.com\/index.php?rest_route=\/wp\/v2\/media\/502"}],"wp:attachment":[{"href":"https:\/\/gitaraksesuar.com\/index.php?rest_route=%2Fwp%2Fv2%2Fmedia&parent=499"}],"wp:term":[{"taxonomy":"product_brand","embeddable":true,"href":"https:\/\/gitaraksesuar.com\/index.php?rest_route=%2Fwp%2Fv2%2Fproduct_brand&post=499"},{"taxonomy":"product_cat","embeddable":true,"href":"https:\/\/gitaraksesuar.com\/index.php?rest_route=%2Fwp%2Fv2%2Fproduct_cat&post=499"},{"taxonomy":"product_tag","embeddable":true,"href":"https:\/\/gitaraksesuar.com\/index.php?rest_route=%2Fwp%2Fv2%2Fproduct_tag&post=499"}],"curies":[{"name":"wp","href":"https:\/\/api.w.org\/{rel}","templated":true}]}}