{"id":503,"date":"2026-02-22T15:15:52","date_gmt":"2026-02-22T15:15:52","guid":{"rendered":"https:\/\/gitaraksesuar.com\/?post_type=product&#038;p=503"},"modified":"2026-03-08T09:36:26","modified_gmt":"2026-03-08T09:36:26","slug":"gitar-tel-bakim-aparati-susturucu-akustik-klasik-gitar-tel-susturucu","status":"publish","type":"product","link":"https:\/\/gitaraksesuar.com\/?product=gitar-tel-bakim-aparati-susturucu-akustik-klasik-gitar-tel-susturucu","title":{"rendered":"Gitar Tel Bak\u0131m Aparat\u0131 &#038; Susturucu \u2013 Akustik &#038; Klasik Gitar Tel Susturucu"},"content":{"rendered":"<p data-start=\"462\" data-end=\"699\"><span data-start=\"465\" data-end=\"505\">G<\/span><strong data-start=\"465\" data-end=\"505\">itar tel bak\u0131m ve susturucu aparat\u0131<\/strong>, arka kapa\u011f\u0131n\u0131 a\u00e7\u0131p temizleme sol\u00fcsyonu s\u00fcrerseniz teller \u00fczerindeki kir ve nemi temizlemeye yard\u0131mc\u0131 olurken ayn\u0131 zamanda istenmeyen titre\u015fimleri azalt\u0131r. D\u00fczenli kullan\u0131mda tel \u00f6mr\u00fcn\u00fc uzatmaya ve daha temiz bir ton elde etmeye destek sa\u011flar. Esas amac\u0131 akustik gitarlar\u0131 az sesli \u00e7almakt\u0131r.<\/p>\n<p data-start=\"701\" data-end=\"808\">Kolay tak\u0131l\u0131p \u00e7\u0131kar\u0131labilir yap\u0131s\u0131 sayesinde pratik kullan\u0131m sunar. Elektro ve akustik gitar ile uyumludur.<\/p>\n<h3 data-start=\"810\" data-end=\"825\">\u00d6zellikler:<\/h3>\n<ul data-start=\"826\" data-end=\"985\">\n<li data-start=\"826\" data-end=\"860\">\n<p data-start=\"828\" data-end=\"860\">Tel temizleme ve bak\u0131m deste\u011fi<\/p>\n<\/li>\n<li data-start=\"861\" data-end=\"893\">\n<p data-start=\"863\" data-end=\"893\">\u0130stenmeyen titre\u015fimi azaltma<\/p>\n<\/li>\n<li data-start=\"894\" data-end=\"935\">\n<p data-start=\"896\" data-end=\"935\">Pas olu\u015fumuna kar\u015f\u0131 korumaya yard\u0131mc\u0131<\/p>\n<\/li>\n<li data-start=\"936\" data-end=\"954\">\n<p data-start=\"938\" data-end=\"954\">Kolay kullan\u0131m<\/p>\n<\/li>\n<li data-start=\"955\" data-end=\"969\">\n<p data-start=\"957\" data-end=\"969\">Siyah renk<\/p>\n<\/li>\n<\/ul>\n","protected":false},"excerpt":{"rendered":"<p data-start=\"1014\" data-end=\"1156\">Gitar tel bak\u0131m ve susturucu aparat\u0131. Telleri temizler, pas olu\u015fumunu azaltmaya yard\u0131mc\u0131 olur ve daha net ton sa\u011flar. Siyah renk.<\/p>\n","protected":false},"featured_media":507,"comment_status":"open","ping_status":"closed","template":"","meta":{"_acf_changed":false,"_uag_custom_page_level_css":""},"product_brand":[21],"product_cat":[25],"product_tag":[239,289,237,292,291,290,246],"class_list":{"0":"post-503","1":"product","2":"type-product","3":"status-publish","4":"has-post-thumbnail","6":"product_brand-racsen","7":"product_cat-bakim-temizlik-urunleri","8":"product_tag-gitaraksesuarlari","9":"product_tag-gitarbakimi","10":"product_tag-gitarpena","11":"product_tag-gitarsusturucu","12":"product_tag-gitarteli","13":"product_tag-gitartemizleme","14":"product_tag-muzikekipmanlari","16":"first","17":"outofstock","18":"taxable","19":"shipping-taxable","20":"purchasable","21":"product-type-simple"},"acf":[],"yoast_head":"<!-- This site is optimized with the Yoast SEO plugin v27.5 - https:\/\/yoast.com\/product\/yoast-seo-wordpress\/ -->\n<title>Gitar Tel Bak\u0131m Aparat\u0131 &amp; Susturucu \u2013 Akustik &amp; Klasik Gitar Tel Susturucu - Gitar Aksesuar &ndash; Gitar ve Bas Ekipmanlar\u0131<\/title>\n<meta name=\"description\" content=\"Gitar tel bak\u0131m ve susturucu aparat\u0131. Telleri temizler, pas olu\u015fumunu azaltmaya yard\u0131mc\u0131 olur ve daha net ton sa\u011flar. Siyah renk, tekli sat\u0131\u015f.\" \/>\n<meta name=\"robots\" content=\"index, follow, max-snippet:-1, max-image-preview:large, max-video-preview:-1\" \/>\n<link rel=\"canonical\" href=\"https:\/\/gitaraksesuar.com\/?product=gitar-tel-bakim-aparati-susturucu-akustik-klasik-gitar-tel-susturucu\" \/>\n<meta property=\"og:locale\" content=\"tr_TR\" \/>\n<meta property=\"og:type\" content=\"article\" \/>\n<meta property=\"og:title\" content=\"Gitar Tel Bak\u0131m Aparat\u0131 &amp; Susturucu \u2013 Akustik &amp; Klasik Gitar Tel Susturucu - Gitar Aksesuar &ndash; Gitar ve Bas Ekipmanlar\u0131\" \/>\n<meta property=\"og:description\" content=\"Gitar tel bak\u0131m ve susturucu aparat\u0131. Telleri temizler, pas olu\u015fumunu azaltmaya yard\u0131mc\u0131 olur ve daha net ton sa\u011flar. Siyah renk, tekli sat\u0131\u015f.\" \/>\n<meta property=\"og:url\" content=\"https:\/\/gitaraksesuar.com\/?product=gitar-tel-bakim-aparati-susturucu-akustik-klasik-gitar-tel-susturucu\" \/>\n<meta property=\"og:site_name\" content=\"Gitar Aksesuar &ndash; Gitar ve Bas Ekipmanlar\u0131\" \/>\n<meta property=\"article:modified_time\" content=\"2026-03-08T09:36:26+00:00\" \/>\n<meta property=\"og:image\" content=\"https:\/\/gitaraksesuar.com\/wp-content\/uploads\/2026\/02\/73622cbf-5ebe-4948-98e1-c77bf6e435f7.jpg\" \/>\n\t<meta property=\"og:image:width\" content=\"800\" \/>\n\t<meta property=\"og:image:height\" content=\"800\" \/>\n\t<meta property=\"og:image:type\" content=\"image\/jpeg\" \/>\n<meta name=\"twitter:card\" content=\"summary_large_image\" \/>\n<meta name=\"twitter:label1\" content=\"Tahmini okuma s\u00fcresi\" \/>\n\t<meta name=\"twitter:data1\" content=\"1 dakika\" \/>\n<script type=\"application\/ld+json\" class=\"yoast-schema-graph\">{\"@context\":\"https:\\\/\\\/schema.org\",\"@graph\":[{\"@type\":\"WebPage\",\"@id\":\"https:\\\/\\\/gitaraksesuar.com\\\/?product=gitar-tel-bakim-aparati-susturucu-akustik-klasik-gitar-tel-susturucu\",\"url\":\"https:\\\/\\\/gitaraksesuar.com\\\/?product=gitar-tel-bakim-aparati-susturucu-akustik-klasik-gitar-tel-susturucu\",\"name\":\"Gitar Tel Bak\u0131m Aparat\u0131 & Susturucu \u2013 Akustik & Klasik Gitar Tel Susturucu - Gitar Aksesuar &ndash; Gitar ve Bas Ekipmanlar\u0131\",\"isPartOf\":{\"@id\":\"http:\\\/\\\/gitaraksesuar.com\\\/#website\"},\"primaryImageOfPage\":{\"@id\":\"https:\\\/\\\/gitaraksesuar.com\\\/?product=gitar-tel-bakim-aparati-susturucu-akustik-klasik-gitar-tel-susturucu#primaryimage\"},\"image\":{\"@id\":\"https:\\\/\\\/gitaraksesuar.com\\\/?product=gitar-tel-bakim-aparati-susturucu-akustik-klasik-gitar-tel-susturucu#primaryimage\"},\"thumbnailUrl\":\"https:\\\/\\\/gitaraksesuar.com\\\/wp-content\\\/uploads\\\/2026\\\/02\\\/73622cbf-5ebe-4948-98e1-c77bf6e435f7.jpg\",\"datePublished\":\"2026-02-22T15:15:52+00:00\",\"dateModified\":\"2026-03-08T09:36:26+00:00\",\"description\":\"Gitar tel bak\u0131m ve susturucu aparat\u0131. Telleri temizler, pas olu\u015fumunu azaltmaya yard\u0131mc\u0131 olur ve daha net ton sa\u011flar. Siyah renk, tekli sat\u0131\u015f.\",\"breadcrumb\":{\"@id\":\"https:\\\/\\\/gitaraksesuar.com\\\/?product=gitar-tel-bakim-aparati-susturucu-akustik-klasik-gitar-tel-susturucu#breadcrumb\"},\"inLanguage\":\"tr\",\"potentialAction\":[{\"@type\":\"ReadAction\",\"target\":[\"https:\\\/\\\/gitaraksesuar.com\\\/?product=gitar-tel-bakim-aparati-susturucu-akustik-klasik-gitar-tel-susturucu\"]}]},{\"@type\":\"ImageObject\",\"inLanguage\":\"tr\",\"@id\":\"https:\\\/\\\/gitaraksesuar.com\\\/?product=gitar-tel-bakim-aparati-susturucu-akustik-klasik-gitar-tel-susturucu#primaryimage\",\"url\":\"https:\\\/\\\/gitaraksesuar.com\\\/wp-content\\\/uploads\\\/2026\\\/02\\\/73622cbf-5ebe-4948-98e1-c77bf6e435f7.jpg\",\"contentUrl\":\"https:\\\/\\\/gitaraksesuar.com\\\/wp-content\\\/uploads\\\/2026\\\/02\\\/73622cbf-5ebe-4948-98e1-c77bf6e435f7.jpg\",\"width\":800,\"height\":800},{\"@type\":\"BreadcrumbList\",\"@id\":\"https:\\\/\\\/gitaraksesuar.com\\\/?product=gitar-tel-bakim-aparati-susturucu-akustik-klasik-gitar-tel-susturucu#breadcrumb\",\"itemListElement\":[{\"@type\":\"ListItem\",\"position\":1,\"name\":\"Anasayfa\",\"item\":\"http:\\\/\\\/gitaraksesuar.com\\\/\"},{\"@type\":\"ListItem\",\"position\":2,\"name\":\"Ma\u011faza\",\"item\":\"http:\\\/\\\/gitaraksesuar.com\\\/?page_id=7\"},{\"@type\":\"ListItem\",\"position\":3,\"name\":\"Gitar Tel Bak\u0131m Aparat\u0131 &#038; Susturucu \u2013 Akustik &#038; Klasik Gitar Tel Susturucu\"}]},{\"@type\":\"WebSite\",\"@id\":\"http:\\\/\\\/gitaraksesuar.com\\\/#website\",\"url\":\"http:\\\/\\\/gitaraksesuar.com\\\/\",\"name\":\"Gitar Aksesuar &ndash; Gitar ve Bas Ekipmanlar\u0131\",\"description\":\"Gitar ve bas d&uuml;nyas\u0131n\u0131n g&uuml;venilir al\u0131\u015fveri\u015f noktas\u0131.\",\"publisher\":{\"@id\":\"http:\\\/\\\/gitaraksesuar.com\\\/#organization\"},\"potentialAction\":[{\"@type\":\"SearchAction\",\"target\":{\"@type\":\"EntryPoint\",\"urlTemplate\":\"http:\\\/\\\/gitaraksesuar.com\\\/?s={search_term_string}\"},\"query-input\":{\"@type\":\"PropertyValueSpecification\",\"valueRequired\":true,\"valueName\":\"search_term_string\"}}],\"inLanguage\":\"tr\"},{\"@type\":\"Organization\",\"@id\":\"http:\\\/\\\/gitaraksesuar.com\\\/#organization\",\"name\":\"Gitar Aksesuar &ndash; Gitar ve Bas Ekipmanlar\u0131\",\"url\":\"http:\\\/\\\/gitaraksesuar.com\\\/\",\"logo\":{\"@type\":\"ImageObject\",\"inLanguage\":\"tr\",\"@id\":\"http:\\\/\\\/gitaraksesuar.com\\\/#\\\/schema\\\/logo\\\/image\\\/\",\"url\":\"https:\\\/\\\/gitaraksesuar.com\\\/wp-content\\\/uploads\\\/2025\\\/10\\\/cropped-Gitar-Aksesuar-Logo.png\",\"contentUrl\":\"https:\\\/\\\/gitaraksesuar.com\\\/wp-content\\\/uploads\\\/2025\\\/10\\\/cropped-Gitar-Aksesuar-Logo.png\",\"width\":1036,\"height\":243,\"caption\":\"Gitar Aksesuar &ndash; Gitar ve Bas Ekipmanlar\u0131\"},\"image\":{\"@id\":\"http:\\\/\\\/gitaraksesuar.com\\\/#\\\/schema\\\/logo\\\/image\\\/\"}}]}<\/script>\n<!-- \/ Yoast SEO plugin. -->","yoast_head_json":{"title":"Gitar Tel Bak\u0131m Aparat\u0131 & Susturucu \u2013 Akustik & Klasik Gitar Tel Susturucu - Gitar Aksesuar &ndash; Gitar ve Bas Ekipmanlar\u0131","description":"Gitar tel bak\u0131m ve susturucu aparat\u0131. Telleri temizler, pas olu\u015fumunu azaltmaya yard\u0131mc\u0131 olur ve daha net ton sa\u011flar. Siyah renk, tekli sat\u0131\u015f.","robots":{"index":"index","follow":"follow","max-snippet":"max-snippet:-1","max-image-preview":"max-image-preview:large","max-video-preview":"max-video-preview:-1"},"canonical":"https:\/\/gitaraksesuar.com\/?product=gitar-tel-bakim-aparati-susturucu-akustik-klasik-gitar-tel-susturucu","og_locale":"tr_TR","og_type":"article","og_title":"Gitar Tel Bak\u0131m Aparat\u0131 & Susturucu \u2013 Akustik & Klasik Gitar Tel Susturucu - Gitar Aksesuar &ndash; Gitar ve Bas Ekipmanlar\u0131","og_description":"Gitar tel bak\u0131m ve susturucu aparat\u0131. Telleri temizler, pas olu\u015fumunu azaltmaya yard\u0131mc\u0131 olur ve daha net ton sa\u011flar. Siyah renk, tekli sat\u0131\u015f.","og_url":"https:\/\/gitaraksesuar.com\/?product=gitar-tel-bakim-aparati-susturucu-akustik-klasik-gitar-tel-susturucu","og_site_name":"Gitar Aksesuar &ndash; Gitar ve Bas Ekipmanlar\u0131","article_modified_time":"2026-03-08T09:36:26+00:00","og_image":[{"width":800,"height":800,"url":"https:\/\/gitaraksesuar.com\/wp-content\/uploads\/2026\/02\/73622cbf-5ebe-4948-98e1-c77bf6e435f7.jpg","type":"image\/jpeg"}],"twitter_card":"summary_large_image","twitter_misc":{"Tahmini okuma s\u00fcresi":"1 dakika"},"schema":{"@context":"https:\/\/schema.org","@graph":[{"@type":"WebPage","@id":"https:\/\/gitaraksesuar.com\/?product=gitar-tel-bakim-aparati-susturucu-akustik-klasik-gitar-tel-susturucu","url":"https:\/\/gitaraksesuar.com\/?product=gitar-tel-bakim-aparati-susturucu-akustik-klasik-gitar-tel-susturucu","name":"Gitar Tel Bak\u0131m Aparat\u0131 & Susturucu \u2013 Akustik & Klasik Gitar Tel Susturucu - Gitar Aksesuar &ndash; Gitar ve Bas Ekipmanlar\u0131","isPartOf":{"@id":"http:\/\/gitaraksesuar.com\/#website"},"primaryImageOfPage":{"@id":"https:\/\/gitaraksesuar.com\/?product=gitar-tel-bakim-aparati-susturucu-akustik-klasik-gitar-tel-susturucu#primaryimage"},"image":{"@id":"https:\/\/gitaraksesuar.com\/?product=gitar-tel-bakim-aparati-susturucu-akustik-klasik-gitar-tel-susturucu#primaryimage"},"thumbnailUrl":"https:\/\/gitaraksesuar.com\/wp-content\/uploads\/2026\/02\/73622cbf-5ebe-4948-98e1-c77bf6e435f7.jpg","datePublished":"2026-02-22T15:15:52+00:00","dateModified":"2026-03-08T09:36:26+00:00","description":"Gitar tel bak\u0131m ve susturucu aparat\u0131. Telleri temizler, pas olu\u015fumunu azaltmaya yard\u0131mc\u0131 olur ve daha net ton sa\u011flar. Siyah renk, tekli sat\u0131\u015f.","breadcrumb":{"@id":"https:\/\/gitaraksesuar.com\/?product=gitar-tel-bakim-aparati-susturucu-akustik-klasik-gitar-tel-susturucu#breadcrumb"},"inLanguage":"tr","potentialAction":[{"@type":"ReadAction","target":["https:\/\/gitaraksesuar.com\/?product=gitar-tel-bakim-aparati-susturucu-akustik-klasik-gitar-tel-susturucu"]}]},{"@type":"ImageObject","inLanguage":"tr","@id":"https:\/\/gitaraksesuar.com\/?product=gitar-tel-bakim-aparati-susturucu-akustik-klasik-gitar-tel-susturucu#primaryimage","url":"https:\/\/gitaraksesuar.com\/wp-content\/uploads\/2026\/02\/73622cbf-5ebe-4948-98e1-c77bf6e435f7.jpg","contentUrl":"https:\/\/gitaraksesuar.com\/wp-content\/uploads\/2026\/02\/73622cbf-5ebe-4948-98e1-c77bf6e435f7.jpg","width":800,"height":800},{"@type":"BreadcrumbList","@id":"https:\/\/gitaraksesuar.com\/?product=gitar-tel-bakim-aparati-susturucu-akustik-klasik-gitar-tel-susturucu#breadcrumb","itemListElement":[{"@type":"ListItem","position":1,"name":"Anasayfa","item":"http:\/\/gitaraksesuar.com\/"},{"@type":"ListItem","position":2,"name":"Ma\u011faza","item":"http:\/\/gitaraksesuar.com\/?page_id=7"},{"@type":"ListItem","position":3,"name":"Gitar Tel Bak\u0131m Aparat\u0131 &#038; Susturucu \u2013 Akustik &#038; Klasik Gitar Tel Susturucu"}]},{"@type":"WebSite","@id":"http:\/\/gitaraksesuar.com\/#website","url":"http:\/\/gitaraksesuar.com\/","name":"Gitar Aksesuar &ndash; Gitar ve Bas Ekipmanlar\u0131","description":"Gitar ve bas d&uuml;nyas\u0131n\u0131n g&uuml;venilir al\u0131\u015fveri\u015f noktas\u0131.","publisher":{"@id":"http:\/\/gitaraksesuar.com\/#organization"},"potentialAction":[{"@type":"SearchAction","target":{"@type":"EntryPoint","urlTemplate":"http:\/\/gitaraksesuar.com\/?s={search_term_string}"},"query-input":{"@type":"PropertyValueSpecification","valueRequired":true,"valueName":"search_term_string"}}],"inLanguage":"tr"},{"@type":"Organization","@id":"http:\/\/gitaraksesuar.com\/#organization","name":"Gitar Aksesuar &ndash; Gitar ve Bas Ekipmanlar\u0131","url":"http:\/\/gitaraksesuar.com\/","logo":{"@type":"ImageObject","inLanguage":"tr","@id":"http:\/\/gitaraksesuar.com\/#\/schema\/logo\/image\/","url":"https:\/\/gitaraksesuar.com\/wp-content\/uploads\/2025\/10\/cropped-Gitar-Aksesuar-Logo.png","contentUrl":"https:\/\/gitaraksesuar.com\/wp-content\/uploads\/2025\/10\/cropped-Gitar-Aksesuar-Logo.png","width":1036,"height":243,"caption":"Gitar Aksesuar &ndash; Gitar ve Bas Ekipmanlar\u0131"},"image":{"@id":"http:\/\/gitaraksesuar.com\/#\/schema\/logo\/image\/"}}]}},"uagb_featured_image_src":{"full":["https:\/\/gitaraksesuar.com\/wp-content\/uploads\/2026\/02\/73622cbf-5ebe-4948-98e1-c77bf6e435f7.jpg",800,800,false],"thumbnail":["https:\/\/gitaraksesuar.com\/wp-content\/uploads\/2026\/02\/73622cbf-5ebe-4948-98e1-c77bf6e435f7-150x150.jpg",150,150,true],"medium":["https:\/\/gitaraksesuar.com\/wp-content\/uploads\/2026\/02\/73622cbf-5ebe-4948-98e1-c77bf6e435f7-300x300.jpg",300,300,true],"medium_large":["https:\/\/gitaraksesuar.com\/wp-content\/uploads\/2026\/02\/73622cbf-5ebe-4948-98e1-c77bf6e435f7-768x768.jpg",768,768,true],"large":["https:\/\/gitaraksesuar.com\/wp-content\/uploads\/2026\/02\/73622cbf-5ebe-4948-98e1-c77bf6e435f7.jpg",800,800,false],"1536x1536":["https:\/\/gitaraksesuar.com\/wp-content\/uploads\/2026\/02\/73622cbf-5ebe-4948-98e1-c77bf6e435f7.jpg",800,800,false],"2048x2048":["https:\/\/gitaraksesuar.com\/wp-content\/uploads\/2026\/02\/73622cbf-5ebe-4948-98e1-c77bf6e435f7.jpg",800,800,false],"woocommerce_thumbnail":["https:\/\/gitaraksesuar.com\/wp-content\/uploads\/2026\/02\/73622cbf-5ebe-4948-98e1-c77bf6e435f7-324x324.jpg",324,324,true],"woocommerce_single":["https:\/\/gitaraksesuar.com\/wp-content\/uploads\/2026\/02\/73622cbf-5ebe-4948-98e1-c77bf6e435f7-416x416.jpg",416,416,true],"woocommerce_gallery_thumbnail":["https:\/\/gitaraksesuar.com\/wp-content\/uploads\/2026\/02\/73622cbf-5ebe-4948-98e1-c77bf6e435f7-100x100.jpg",100,100,true]},"uagb_author_info":{"display_name":"admin","author_link":"https:\/\/gitaraksesuar.com\/?author=0"},"uagb_comment_info":0,"uagb_excerpt":"Gitar tel bak\u0131m ve susturucu aparat\u0131. Telleri temizler, pas olu\u015fumunu azaltmaya yard\u0131mc\u0131 olur ve daha net ton sa\u011flar. Siyah renk.","jetpack_sharing_enabled":true,"_links":{"self":[{"href":"https:\/\/gitaraksesuar.com\/index.php?rest_route=\/wp\/v2\/product\/503","targetHints":{"allow":["GET"]}}],"collection":[{"href":"https:\/\/gitaraksesuar.com\/index.php?rest_route=\/wp\/v2\/product"}],"about":[{"href":"https:\/\/gitaraksesuar.com\/index.php?rest_route=\/wp\/v2\/types\/product"}],"replies":[{"embeddable":true,"href":"https:\/\/gitaraksesuar.com\/index.php?rest_route=%2Fwp%2Fv2%2Fcomments&post=503"}],"wp:featuredmedia":[{"embeddable":true,"href":"https:\/\/gitaraksesuar.com\/index.php?rest_route=\/wp\/v2\/media\/507"}],"wp:attachment":[{"href":"https:\/\/gitaraksesuar.com\/index.php?rest_route=%2Fwp%2Fv2%2Fmedia&parent=503"}],"wp:term":[{"taxonomy":"product_brand","embeddable":true,"href":"https:\/\/gitaraksesuar.com\/index.php?rest_route=%2Fwp%2Fv2%2Fproduct_brand&post=503"},{"taxonomy":"product_cat","embeddable":true,"href":"https:\/\/gitaraksesuar.com\/index.php?rest_route=%2Fwp%2Fv2%2Fproduct_cat&post=503"},{"taxonomy":"product_tag","embeddable":true,"href":"https:\/\/gitaraksesuar.com\/index.php?rest_route=%2Fwp%2Fv2%2Fproduct_tag&post=503"}],"curies":[{"name":"wp","href":"https:\/\/api.w.org\/{rel}","templated":true}]}}