{"id":661,"date":"2026-04-28T13:45:09","date_gmt":"2026-04-28T13:45:09","guid":{"rendered":"https:\/\/gitaraksesuar.com\/?post_type=product&#038;p=661"},"modified":"2026-04-28T13:45:52","modified_gmt":"2026-04-28T13:45:52","slug":"ahsap-gitar-duvar-askisi-penna","status":"publish","type":"product","link":"https:\/\/gitaraksesuar.com\/?product=ahsap-gitar-duvar-askisi-penna","title":{"rendered":"Ah\u015fap Gitar Duvar Ask\u0131s\u0131 \u2013 Penna"},"content":{"rendered":"<p class=\"font-claude-response-body break-words whitespace-normal leading-[1.7]\">Penna, gitaraksesuar.com i\u00e7in tasarlanan el yap\u0131m\u0131 ah\u015fap gitar duvar ask\u0131s\u0131d\u0131r. CNC i\u015fleme ve el z\u0131mparalamas\u0131yla \u00fcretilen her par\u00e7a tektir. Ah\u015fab\u0131n do\u011fal damar\u0131 her Penna&#8217;y\u0131 birbirinden farkl\u0131 k\u0131lar.<\/p>\n<ul class=\"[li_&amp;]:mb-0 [li_&amp;]:mt-1 [li_&amp;]:gap-1 [&amp;:not(:last-child)_ul]:pb-1 [&amp;:not(:last-child)_ol]:pb-1 list-disc flex flex-col gap-1 pl-8 mb-3\">\n<li class=\"whitespace-normal break-words pl-2\">T\u00fcm gitar ve bas gitarlar i\u00e7in uygun<\/li>\n<li class=\"whitespace-normal break-words pl-2\">Duvara zarar vermez<\/li>\n<li class=\"whitespace-normal break-words pl-2\">Sa\u011flam montaj<\/li>\n<li class=\"whitespace-normal break-words pl-2\">T\u00fcrkiye&#8217;de \u00fcretilmi\u015ftir<\/li>\n<\/ul>\n<p>Ah\u015fab\u0131n do\u011fal yap\u0131s\u0131 gere\u011fi her \u00fcr\u00fcnde renk ve doku farkl\u0131l\u0131klar\u0131 g\u00f6r\u00fclebilir. Bu farkl\u0131l\u0131klar \u00fcr\u00fcn kusuru de\u011fil, do\u011fal ah\u015fab\u0131n benzersiz karakteridir.<\/p>\n","protected":false},"excerpt":{"rendered":"<p>El yap\u0131m\u0131, CNC i\u015flemli ah\u015fap gitar duvar ask\u0131s\u0131. Gitar\u0131n\u0131 g\u00fcvende tut, duvana karakter kat.<\/p>\n","protected":false},"featured_media":665,"comment_status":"open","ping_status":"closed","template":"","meta":{"_acf_changed":false,"_uag_custom_page_level_css":""},"product_brand":[21],"product_cat":[26],"product_tag":[397,122,400,402,399,401,396,403,398,404],"class_list":{"0":"post-661","1":"product","2":"type-product","3":"status-publish","4":"has-post-thumbnail","6":"product_brand-racsen","7":"product_cat-gitar-standlari-askilar","8":"product_tag-ahsap-gitar-askisi","9":"product_tag-bas-gitar-askisi","10":"product_tag-ceviz-ahsap","11":"product_tag-duvar-askisi","12":"product_tag-el-yapimi-gitar-askisi","13":"product_tag-gitar-aksesuari","14":"product_tag-gitar-duvar-askisi","15":"product_tag-handmade-guitar-hanger","16":"product_tag-penna","17":"product_tag-turkish-made","19":"first","20":"instock","21":"taxable","22":"shipping-taxable","23":"purchasable","24":"product-type-simple"},"acf":[],"yoast_head":"<!-- This site is optimized with the Yoast SEO plugin v27.5 - https:\/\/yoast.com\/product\/yoast-seo-wordpress\/ -->\n<title>Ah\u015fap Gitar Duvar Ask\u0131s\u0131 \u2013 Penna - Gitar Aksesuar &ndash; Gitar ve Bas Ekipmanlar\u0131<\/title>\n<meta name=\"description\" content=\"El yap\u0131m\u0131, CNC i\u015flemli ah\u015fap gitar duvar ask\u0131s\u0131. Gitar\u0131n\u0131 g\u00fcvende tut, duvana karakter kat.\" \/>\n<meta name=\"robots\" content=\"index, follow, max-snippet:-1, max-image-preview:large, max-video-preview:-1\" \/>\n<link rel=\"canonical\" href=\"https:\/\/gitaraksesuar.com\/?product=ahsap-gitar-duvar-askisi-penna\" \/>\n<meta property=\"og:locale\" content=\"tr_TR\" \/>\n<meta property=\"og:type\" content=\"article\" \/>\n<meta property=\"og:title\" content=\"Ah\u015fap Gitar Duvar Ask\u0131s\u0131 \u2013 Penna - Gitar Aksesuar &ndash; Gitar ve Bas Ekipmanlar\u0131\" \/>\n<meta property=\"og:description\" content=\"El yap\u0131m\u0131, CNC i\u015flemli ah\u015fap gitar duvar ask\u0131s\u0131. Gitar\u0131n\u0131 g\u00fcvende tut, duvana karakter kat.\" \/>\n<meta property=\"og:url\" content=\"https:\/\/gitaraksesuar.com\/?product=ahsap-gitar-duvar-askisi-penna\" \/>\n<meta property=\"og:site_name\" content=\"Gitar Aksesuar &ndash; Gitar ve Bas Ekipmanlar\u0131\" \/>\n<meta property=\"article:modified_time\" content=\"2026-04-28T13:45:52+00:00\" \/>\n<meta property=\"og:image\" content=\"https:\/\/gitaraksesuar.com\/wp-content\/uploads\/2026\/04\/DSC00060-scaled.jpg\" \/>\n\t<meta property=\"og:image:width\" content=\"2560\" \/>\n\t<meta property=\"og:image:height\" content=\"1707\" \/>\n\t<meta property=\"og:image:type\" content=\"image\/jpeg\" \/>\n<meta name=\"twitter:card\" content=\"summary_large_image\" \/>\n<meta name=\"twitter:label1\" content=\"Tahmini okuma s\u00fcresi\" \/>\n\t<meta name=\"twitter:data1\" content=\"1 dakika\" \/>\n<script type=\"application\/ld+json\" class=\"yoast-schema-graph\">{\"@context\":\"https:\\\/\\\/schema.org\",\"@graph\":[{\"@type\":\"WebPage\",\"@id\":\"https:\\\/\\\/gitaraksesuar.com\\\/?product=ahsap-gitar-duvar-askisi-penna\",\"url\":\"https:\\\/\\\/gitaraksesuar.com\\\/?product=ahsap-gitar-duvar-askisi-penna\",\"name\":\"Ah\u015fap Gitar Duvar Ask\u0131s\u0131 \u2013 Penna - Gitar Aksesuar &ndash; Gitar ve Bas Ekipmanlar\u0131\",\"isPartOf\":{\"@id\":\"http:\\\/\\\/gitaraksesuar.com\\\/#website\"},\"primaryImageOfPage\":{\"@id\":\"https:\\\/\\\/gitaraksesuar.com\\\/?product=ahsap-gitar-duvar-askisi-penna#primaryimage\"},\"image\":{\"@id\":\"https:\\\/\\\/gitaraksesuar.com\\\/?product=ahsap-gitar-duvar-askisi-penna#primaryimage\"},\"thumbnailUrl\":\"https:\\\/\\\/gitaraksesuar.com\\\/wp-content\\\/uploads\\\/2026\\\/04\\\/DSC00060-scaled.jpg\",\"datePublished\":\"2026-04-28T13:45:09+00:00\",\"dateModified\":\"2026-04-28T13:45:52+00:00\",\"description\":\"El yap\u0131m\u0131, CNC i\u015flemli ah\u015fap gitar duvar ask\u0131s\u0131. Gitar\u0131n\u0131 g\u00fcvende tut, duvana karakter kat.\",\"breadcrumb\":{\"@id\":\"https:\\\/\\\/gitaraksesuar.com\\\/?product=ahsap-gitar-duvar-askisi-penna#breadcrumb\"},\"inLanguage\":\"tr\",\"potentialAction\":[{\"@type\":\"ReadAction\",\"target\":[\"https:\\\/\\\/gitaraksesuar.com\\\/?product=ahsap-gitar-duvar-askisi-penna\"]}]},{\"@type\":\"ImageObject\",\"inLanguage\":\"tr\",\"@id\":\"https:\\\/\\\/gitaraksesuar.com\\\/?product=ahsap-gitar-duvar-askisi-penna#primaryimage\",\"url\":\"https:\\\/\\\/gitaraksesuar.com\\\/wp-content\\\/uploads\\\/2026\\\/04\\\/DSC00060-scaled.jpg\",\"contentUrl\":\"https:\\\/\\\/gitaraksesuar.com\\\/wp-content\\\/uploads\\\/2026\\\/04\\\/DSC00060-scaled.jpg\",\"width\":2560,\"height\":1707},{\"@type\":\"BreadcrumbList\",\"@id\":\"https:\\\/\\\/gitaraksesuar.com\\\/?product=ahsap-gitar-duvar-askisi-penna#breadcrumb\",\"itemListElement\":[{\"@type\":\"ListItem\",\"position\":1,\"name\":\"Anasayfa\",\"item\":\"http:\\\/\\\/gitaraksesuar.com\\\/\"},{\"@type\":\"ListItem\",\"position\":2,\"name\":\"Ma\u011faza\",\"item\":\"http:\\\/\\\/gitaraksesuar.com\\\/?page_id=7\"},{\"@type\":\"ListItem\",\"position\":3,\"name\":\"Ah\u015fap Gitar Duvar Ask\u0131s\u0131 \u2013 Penna\"}]},{\"@type\":\"WebSite\",\"@id\":\"http:\\\/\\\/gitaraksesuar.com\\\/#website\",\"url\":\"http:\\\/\\\/gitaraksesuar.com\\\/\",\"name\":\"Gitar Aksesuar &ndash; Gitar ve Bas Ekipmanlar\u0131\",\"description\":\"Gitar ve bas d&uuml;nyas\u0131n\u0131n g&uuml;venilir al\u0131\u015fveri\u015f noktas\u0131.\",\"publisher\":{\"@id\":\"http:\\\/\\\/gitaraksesuar.com\\\/#organization\"},\"potentialAction\":[{\"@type\":\"SearchAction\",\"target\":{\"@type\":\"EntryPoint\",\"urlTemplate\":\"http:\\\/\\\/gitaraksesuar.com\\\/?s={search_term_string}\"},\"query-input\":{\"@type\":\"PropertyValueSpecification\",\"valueRequired\":true,\"valueName\":\"search_term_string\"}}],\"inLanguage\":\"tr\"},{\"@type\":\"Organization\",\"@id\":\"http:\\\/\\\/gitaraksesuar.com\\\/#organization\",\"name\":\"Gitar Aksesuar &ndash; Gitar ve Bas Ekipmanlar\u0131\",\"url\":\"http:\\\/\\\/gitaraksesuar.com\\\/\",\"logo\":{\"@type\":\"ImageObject\",\"inLanguage\":\"tr\",\"@id\":\"http:\\\/\\\/gitaraksesuar.com\\\/#\\\/schema\\\/logo\\\/image\\\/\",\"url\":\"https:\\\/\\\/gitaraksesuar.com\\\/wp-content\\\/uploads\\\/2025\\\/10\\\/cropped-Gitar-Aksesuar-Logo.png\",\"contentUrl\":\"https:\\\/\\\/gitaraksesuar.com\\\/wp-content\\\/uploads\\\/2025\\\/10\\\/cropped-Gitar-Aksesuar-Logo.png\",\"width\":1036,\"height\":243,\"caption\":\"Gitar Aksesuar &ndash; Gitar ve Bas Ekipmanlar\u0131\"},\"image\":{\"@id\":\"http:\\\/\\\/gitaraksesuar.com\\\/#\\\/schema\\\/logo\\\/image\\\/\"}}]}<\/script>\n<!-- \/ Yoast SEO plugin. -->","yoast_head_json":{"title":"Ah\u015fap Gitar Duvar Ask\u0131s\u0131 \u2013 Penna - Gitar Aksesuar &ndash; Gitar ve Bas Ekipmanlar\u0131","description":"El yap\u0131m\u0131, CNC i\u015flemli ah\u015fap gitar duvar ask\u0131s\u0131. Gitar\u0131n\u0131 g\u00fcvende tut, duvana karakter kat.","robots":{"index":"index","follow":"follow","max-snippet":"max-snippet:-1","max-image-preview":"max-image-preview:large","max-video-preview":"max-video-preview:-1"},"canonical":"https:\/\/gitaraksesuar.com\/?product=ahsap-gitar-duvar-askisi-penna","og_locale":"tr_TR","og_type":"article","og_title":"Ah\u015fap Gitar Duvar Ask\u0131s\u0131 \u2013 Penna - Gitar Aksesuar &ndash; Gitar ve Bas Ekipmanlar\u0131","og_description":"El yap\u0131m\u0131, CNC i\u015flemli ah\u015fap gitar duvar ask\u0131s\u0131. Gitar\u0131n\u0131 g\u00fcvende tut, duvana karakter kat.","og_url":"https:\/\/gitaraksesuar.com\/?product=ahsap-gitar-duvar-askisi-penna","og_site_name":"Gitar Aksesuar &ndash; Gitar ve Bas Ekipmanlar\u0131","article_modified_time":"2026-04-28T13:45:52+00:00","og_image":[{"width":2560,"height":1707,"url":"https:\/\/gitaraksesuar.com\/wp-content\/uploads\/2026\/04\/DSC00060-scaled.jpg","type":"image\/jpeg"}],"twitter_card":"summary_large_image","twitter_misc":{"Tahmini okuma s\u00fcresi":"1 dakika"},"schema":{"@context":"https:\/\/schema.org","@graph":[{"@type":"WebPage","@id":"https:\/\/gitaraksesuar.com\/?product=ahsap-gitar-duvar-askisi-penna","url":"https:\/\/gitaraksesuar.com\/?product=ahsap-gitar-duvar-askisi-penna","name":"Ah\u015fap Gitar Duvar Ask\u0131s\u0131 \u2013 Penna - Gitar Aksesuar &ndash; Gitar ve Bas Ekipmanlar\u0131","isPartOf":{"@id":"http:\/\/gitaraksesuar.com\/#website"},"primaryImageOfPage":{"@id":"https:\/\/gitaraksesuar.com\/?product=ahsap-gitar-duvar-askisi-penna#primaryimage"},"image":{"@id":"https:\/\/gitaraksesuar.com\/?product=ahsap-gitar-duvar-askisi-penna#primaryimage"},"thumbnailUrl":"https:\/\/gitaraksesuar.com\/wp-content\/uploads\/2026\/04\/DSC00060-scaled.jpg","datePublished":"2026-04-28T13:45:09+00:00","dateModified":"2026-04-28T13:45:52+00:00","description":"El yap\u0131m\u0131, CNC i\u015flemli ah\u015fap gitar duvar ask\u0131s\u0131. Gitar\u0131n\u0131 g\u00fcvende tut, duvana karakter kat.","breadcrumb":{"@id":"https:\/\/gitaraksesuar.com\/?product=ahsap-gitar-duvar-askisi-penna#breadcrumb"},"inLanguage":"tr","potentialAction":[{"@type":"ReadAction","target":["https:\/\/gitaraksesuar.com\/?product=ahsap-gitar-duvar-askisi-penna"]}]},{"@type":"ImageObject","inLanguage":"tr","@id":"https:\/\/gitaraksesuar.com\/?product=ahsap-gitar-duvar-askisi-penna#primaryimage","url":"https:\/\/gitaraksesuar.com\/wp-content\/uploads\/2026\/04\/DSC00060-scaled.jpg","contentUrl":"https:\/\/gitaraksesuar.com\/wp-content\/uploads\/2026\/04\/DSC00060-scaled.jpg","width":2560,"height":1707},{"@type":"BreadcrumbList","@id":"https:\/\/gitaraksesuar.com\/?product=ahsap-gitar-duvar-askisi-penna#breadcrumb","itemListElement":[{"@type":"ListItem","position":1,"name":"Anasayfa","item":"http:\/\/gitaraksesuar.com\/"},{"@type":"ListItem","position":2,"name":"Ma\u011faza","item":"http:\/\/gitaraksesuar.com\/?page_id=7"},{"@type":"ListItem","position":3,"name":"Ah\u015fap Gitar Duvar Ask\u0131s\u0131 \u2013 Penna"}]},{"@type":"WebSite","@id":"http:\/\/gitaraksesuar.com\/#website","url":"http:\/\/gitaraksesuar.com\/","name":"Gitar Aksesuar &ndash; Gitar ve Bas Ekipmanlar\u0131","description":"Gitar ve bas d&uuml;nyas\u0131n\u0131n g&uuml;venilir al\u0131\u015fveri\u015f noktas\u0131.","publisher":{"@id":"http:\/\/gitaraksesuar.com\/#organization"},"potentialAction":[{"@type":"SearchAction","target":{"@type":"EntryPoint","urlTemplate":"http:\/\/gitaraksesuar.com\/?s={search_term_string}"},"query-input":{"@type":"PropertyValueSpecification","valueRequired":true,"valueName":"search_term_string"}}],"inLanguage":"tr"},{"@type":"Organization","@id":"http:\/\/gitaraksesuar.com\/#organization","name":"Gitar Aksesuar &ndash; Gitar ve Bas Ekipmanlar\u0131","url":"http:\/\/gitaraksesuar.com\/","logo":{"@type":"ImageObject","inLanguage":"tr","@id":"http:\/\/gitaraksesuar.com\/#\/schema\/logo\/image\/","url":"https:\/\/gitaraksesuar.com\/wp-content\/uploads\/2025\/10\/cropped-Gitar-Aksesuar-Logo.png","contentUrl":"https:\/\/gitaraksesuar.com\/wp-content\/uploads\/2025\/10\/cropped-Gitar-Aksesuar-Logo.png","width":1036,"height":243,"caption":"Gitar Aksesuar &ndash; Gitar ve Bas Ekipmanlar\u0131"},"image":{"@id":"http:\/\/gitaraksesuar.com\/#\/schema\/logo\/image\/"}}]}},"uagb_featured_image_src":{"full":["https:\/\/gitaraksesuar.com\/wp-content\/uploads\/2026\/04\/DSC00060-scaled.jpg",2560,1707,false],"thumbnail":["https:\/\/gitaraksesuar.com\/wp-content\/uploads\/2026\/04\/DSC00060-150x150.jpg",150,150,true],"medium":["https:\/\/gitaraksesuar.com\/wp-content\/uploads\/2026\/04\/DSC00060-300x200.jpg",300,200,true],"medium_large":["https:\/\/gitaraksesuar.com\/wp-content\/uploads\/2026\/04\/DSC00060-768x512.jpg",768,512,true],"large":["https:\/\/gitaraksesuar.com\/wp-content\/uploads\/2026\/04\/DSC00060-1024x683.jpg",980,654,true],"1536x1536":["https:\/\/gitaraksesuar.com\/wp-content\/uploads\/2026\/04\/DSC00060-1536x1024.jpg",1536,1024,true],"2048x2048":["https:\/\/gitaraksesuar.com\/wp-content\/uploads\/2026\/04\/DSC00060-2048x1365.jpg",2048,1365,true],"woocommerce_thumbnail":["https:\/\/gitaraksesuar.com\/wp-content\/uploads\/2026\/04\/DSC00060-324x324.jpg",324,324,true],"woocommerce_single":["https:\/\/gitaraksesuar.com\/wp-content\/uploads\/2026\/04\/DSC00060-416x277.jpg",416,277,true],"woocommerce_gallery_thumbnail":["https:\/\/gitaraksesuar.com\/wp-content\/uploads\/2026\/04\/DSC00060-100x100.jpg",100,100,true]},"uagb_author_info":{"display_name":"admin","author_link":"https:\/\/gitaraksesuar.com\/?author=0"},"uagb_comment_info":0,"uagb_excerpt":"El yap\u0131m\u0131, CNC i\u015flemli ah\u015fap gitar duvar ask\u0131s\u0131. Gitar\u0131n\u0131 g\u00fcvende tut, duvana karakter kat.","jetpack_sharing_enabled":true,"_links":{"self":[{"href":"https:\/\/gitaraksesuar.com\/index.php?rest_route=\/wp\/v2\/product\/661","targetHints":{"allow":["GET"]}}],"collection":[{"href":"https:\/\/gitaraksesuar.com\/index.php?rest_route=\/wp\/v2\/product"}],"about":[{"href":"https:\/\/gitaraksesuar.com\/index.php?rest_route=\/wp\/v2\/types\/product"}],"replies":[{"embeddable":true,"href":"https:\/\/gitaraksesuar.com\/index.php?rest_route=%2Fwp%2Fv2%2Fcomments&post=661"}],"wp:featuredmedia":[{"embeddable":true,"href":"https:\/\/gitaraksesuar.com\/index.php?rest_route=\/wp\/v2\/media\/665"}],"wp:attachment":[{"href":"https:\/\/gitaraksesuar.com\/index.php?rest_route=%2Fwp%2Fv2%2Fmedia&parent=661"}],"wp:term":[{"taxonomy":"product_brand","embeddable":true,"href":"https:\/\/gitaraksesuar.com\/index.php?rest_route=%2Fwp%2Fv2%2Fproduct_brand&post=661"},{"taxonomy":"product_cat","embeddable":true,"href":"https:\/\/gitaraksesuar.com\/index.php?rest_route=%2Fwp%2Fv2%2Fproduct_cat&post=661"},{"taxonomy":"product_tag","embeddable":true,"href":"https:\/\/gitaraksesuar.com\/index.php?rest_route=%2Fwp%2Fv2%2Fproduct_tag&post=661"}],"curies":[{"name":"wp","href":"https:\/\/api.w.org\/{rel}","templated":true}]}}